{"id":1029,"date":"2023-02-04T21:30:16","date_gmt":"2023-02-04T20:30:16","guid":{"rendered":"https:\/\/africaiforum.com\/?page_id=1029"},"modified":"2026-02-07T09:22:20","modified_gmt":"2026-02-07T09:22:20","slug":"vip-speakers","status":"publish","type":"page","link":"https:\/\/africaiforum.com\/en\/vip-speakers\/","title":{"rendered":"Vip Speakers"},"content":{"rendered":"<div data-elementor-type=\"wp-page\" data-elementor-id=\"1029\" class=\"elementor elementor-1029\" data-elementor-post-type=\"page\">\n\t\t\t\t\t\t<section data-particle_enable=\"false\" data-particle-mobile-disabled=\"false\" class=\"elementor-section elementor-top-section elementor-element elementor-element-4ecdd3f elementor-section-boxed elementor-section-height-default elementor-section-height-default\" data-id=\"4ecdd3f\" data-element_type=\"section\" data-e-type=\"section\" data-settings=\"{&quot;background_background&quot;:&quot;classic&quot;}\">\n\t\t\t\t\t\t<div class=\"elementor-container elementor-column-gap-default\">\n\t\t\t\t\t<div class=\"elementor-column elementor-col-50 elementor-top-column elementor-element elementor-element-a686104\" data-id=\"a686104\" data-element_type=\"column\" data-e-type=\"column\">\n\t\t\t<div class=\"elementor-widget-wrap elementor-element-populated\">\n\t\t\t\t\t\t<div class=\"elementor-element elementor-element-4862306 elementor-widget elementor-widget-heading\" data-id=\"4862306\" data-element_type=\"widget\" data-e-type=\"widget\" data-widget_type=\"heading.default\">\n\t\t\t\t<div class=\"elementor-widget-container\">\n\t\t\t\t\t<h2 class=\"elementor-heading-title elementor-size-default\">Accreditations<\/h2>\t\t\t\t<\/div>\n\t\t\t\t<\/div>\n\t\t\t\t\t<\/div>\n\t\t<\/div>\n\t\t\t\t<div class=\"elementor-column elementor-col-50 elementor-top-column elementor-element elementor-element-535ec98 elementor-hidden-mobile\" data-id=\"535ec98\" data-element_type=\"column\" data-e-type=\"column\">\n\t\t\t<div class=\"elementor-widget-wrap elementor-element-populated\">\n\t\t\t\t\t\t<div class=\"elementor-element elementor-element-87c5f65 elementor-align-right elementor-widget elementor-widget-breadcrumbs\" data-id=\"87c5f65\" data-element_type=\"widget\" data-e-type=\"widget\" data-widget_type=\"breadcrumbs.default\">\n\t\t\t\t<div class=\"elementor-widget-container\">\n\t\t\t\t\t<p id=\"breadcrumbs\"><span><span><a href=\"https:\/\/africaiforum.com\/en\/\">Home<\/a><\/span><\/span><\/p>\t\t\t\t<\/div>\n\t\t\t\t<\/div>\n\t\t\t\t\t<\/div>\n\t\t<\/div>\n\t\t\t\t\t<\/div>\n\t\t<\/section>\n\t\t\t\t<section data-particle_enable=\"false\" data-particle-mobile-disabled=\"false\" class=\"elementor-section elementor-top-section elementor-element elementor-element-389a9c5 elementor-section-boxed elementor-section-height-default elementor-section-height-default\" data-id=\"389a9c5\" data-element_type=\"section\" data-e-type=\"section\">\n\t\t\t\t\t\t<div class=\"elementor-container elementor-column-gap-default\">\n\t\t\t\t\t<div class=\"elementor-column elementor-col-100 elementor-top-column elementor-element elementor-element-c72e883\" data-id=\"c72e883\" data-element_type=\"column\" data-e-type=\"column\">\n\t\t\t<div class=\"elementor-widget-wrap elementor-element-populated\">\n\t\t\t\t\t\t<div class=\"elementor-element elementor-element-6ca97eb elementor-widget elementor-widget-heading\" data-id=\"6ca97eb\" data-element_type=\"widget\" data-e-type=\"widget\" data-widget_type=\"heading.default\">\n\t\t\t\t<div class=\"elementor-widget-container\">\n\t\t\t\t\t<h2 class=\"elementor-heading-title elementor-size-default\">APPLICATION FORM FOR PRESS ACCREDITATION<\/h2>\t\t\t\t<\/div>\n\t\t\t\t<\/div>\n\t\t\t\t<div class=\"elementor-element elementor-element-2defc15 elementor-widget elementor-widget-text-editor\" data-id=\"2defc15\" data-element_type=\"widget\" data-e-type=\"widget\" data-widget_type=\"text-editor.default\">\n\t\t\t\t<div class=\"elementor-widget-container\">\n\t\t\t\t\t\t\t\t\t<p class=\"big\" style=\"box-sizing: inherit; -webkit-font-smoothing: antialiased; margin-right: 0px; margin-bottom: 15px; margin-left: 0px; padding: 0px; border: 0px; font-variant-numeric: inherit; font-variant-east-asian: inherit; font-stretch: inherit; line-height: 28px; font-family: Raleway, Helvetica, Arial, sans-serif; vertical-align: baseline; color: #626262;\">Media representatives wishing to cover the exhibition must complete the accreditation form.<br style=\"box-sizing: inherit; -webkit-font-smoothing: antialiased;\" \/>This form must be accompanied by the following documents:<\/p><p>A photocopy of the current press card or professional journalist's identity card or a valid identity document (technicians).<br style=\"box-sizing: inherit; -webkit-font-smoothing: antialiased; color: #626262; font-family: Raleway, Helvetica, Arial, sans-serif; font-size: 15px;\" \/>A colour passport photo.<br style=\"box-sizing: inherit; -webkit-font-smoothing: antialiased; color: #626262; font-family: Raleway, Helvetica, Arial, sans-serif; font-size: 15px;\" \/><br style=\"box-sizing: inherit; -webkit-font-smoothing: antialiased; color: #626262; font-family: Raleway, Helvetica, Arial, sans-serif; font-size: 15px;\" \/><span style=\"box-sizing: inherit; -webkit-font-smoothing: antialiased; margin: 0px; padding: 0px; border: 0px; font-variant-numeric: inherit; font-variant-east-asian: inherit; font-weight: bold; font-stretch: inherit; font-size: 15px; line-height: inherit; font-family: Raleway, Helvetica, Arial, sans-serif; vertical-align: baseline; color: #626262;\">Applications that are not accompanied by these documents cannot be considered.<\/span><br style=\"box-sizing: inherit; -webkit-font-smoothing: antialiased; color: #626262; font-family: Raleway, Helvetica, Arial, sans-serif; font-size: 15px;\" \/>Those who have duly completed the forms will be informed of their accreditation. Badges can be collected from the press accreditation desk on presentation of an identity document.<\/p>\t\t\t\t\t\t\t\t<\/div>\n\t\t\t\t<\/div>\n\t\t\t\t\t<\/div>\n\t\t<\/div>\n\t\t\t\t\t<\/div>\n\t\t<\/section>\n\t\t\t\t<\/div>","protected":false},"excerpt":{"rendered":"<p>Accr\u00e9ditations FORMULAIRE DE DEMANDE D&rsquo;ACCR\u00c9DITATION PRESSE Les repr\u00e9sentants des m\u00e9dias souhaitant couvrir le salon doivent compl\u00e9ter la fiche d\u2019accr\u00e9ditation.Ce formulaire doit \u00eatre accompagn\u00e9 des pi\u00e8ces suivantes : Une photocopie de la carte de presse ou de la carte d\u2019identit\u00e9 de journaliste professionnel en vigueur ou d\u2019une pi\u00e8ce d\u2019identit\u00e9 en cours de validit\u00e9 (techniciens).Une photo d\u2019identit\u00e9 [&hellip;]<\/p>","protected":false},"author":1,"featured_media":0,"parent":0,"menu_order":0,"comment_status":"closed","ping_status":"closed","template":"","meta":{"footnotes":""},"class_list":["post-1029","page","type-page","status-publish","hentry"],"yoast_head":"<!-- This site is optimized with the Yoast SEO plugin v26.9 - https:\/\/yoast.com\/product\/yoast-seo-wordpress\/ -->\n<title>Vip Speakers - Africa Infrastructure Forum<\/title>\n<meta name=\"description\" content=\"D\u00e9couvrez les speakers de l\u2019Africa Infrastructure Forum 2026 : d\u00e9cideurs publics, dirigeants d\u2019entreprises et experts du financement des infrastructures.\" \/>\n<meta name=\"robots\" content=\"index, follow, max-snippet:-1, max-image-preview:large, max-video-preview:-1\" \/>\n<link rel=\"canonical\" href=\"https:\/\/africaiforum.com\/en\/vip-speakers\/\" \/>\n<meta property=\"og:locale\" content=\"en_GB\" \/>\n<meta property=\"og:type\" content=\"article\" \/>\n<meta property=\"og:title\" content=\"Vip Speakers - Africa Infrastructure Forum\" \/>\n<meta property=\"og:description\" content=\"D\u00e9couvrez les speakers de l\u2019Africa Infrastructure Forum 2026 : d\u00e9cideurs publics, dirigeants d\u2019entreprises et experts du financement des infrastructures.\" \/>\n<meta property=\"og:url\" content=\"https:\/\/africaiforum.com\/en\/vip-speakers\/\" \/>\n<meta property=\"og:site_name\" content=\"Africa Infrastructure Forum\" \/>\n<meta property=\"article:modified_time\" content=\"2026-02-07T09:22:20+00:00\" \/>\n<meta name=\"twitter:card\" content=\"summary_large_image\" \/>\n<meta name=\"twitter:label1\" content=\"Estimated reading time\" \/>\n\t<meta name=\"twitter:data1\" content=\"1 minute\" \/>\n<script type=\"application\/ld+json\" class=\"yoast-schema-graph\">{\"@context\":\"https:\/\/schema.org\",\"@graph\":[{\"@type\":\"WebPage\",\"@id\":\"https:\/\/africaiforum.com\/vip-speakers\/\",\"url\":\"https:\/\/africaiforum.com\/vip-speakers\/\",\"name\":\"Vip Speakers - Africa Infrastructure Forum\",\"isPartOf\":{\"@id\":\"https:\/\/africaiforum.com\/#website\"},\"datePublished\":\"2023-02-04T20:30:16+00:00\",\"dateModified\":\"2026-02-07T09:22:20+00:00\",\"description\":\"D\u00e9couvrez les speakers de l\u2019Africa Infrastructure Forum 2026 : d\u00e9cideurs publics, dirigeants d\u2019entreprises et experts du financement des infrastructures.\",\"breadcrumb\":{\"@id\":\"https:\/\/africaiforum.com\/vip-speakers\/#breadcrumb\"},\"inLanguage\":\"en-GB\",\"potentialAction\":[{\"@type\":\"ReadAction\",\"target\":[\"https:\/\/africaiforum.com\/vip-speakers\/\"]}]},{\"@type\":\"BreadcrumbList\",\"@id\":\"https:\/\/africaiforum.com\/vip-speakers\/#breadcrumb\",\"itemListElement\":[{\"@type\":\"ListItem\",\"position\":1,\"name\":\"Accueil\",\"item\":\"https:\/\/africaiforum.com\/\"},{\"@type\":\"ListItem\",\"position\":2,\"name\":\"Vip Speakers\"}]},{\"@type\":\"WebSite\",\"@id\":\"https:\/\/africaiforum.com\/#website\",\"url\":\"https:\/\/africaiforum.com\/\",\"name\":\"Africa Infrastructure Forum\",\"description\":\"Africa Infrastructure Forum est le rendez-vous de r\u00e9f\u00e9rence des responsables les plus influents du financement des infrastructures en Afrique et des dirigeants des grandes entreprises africaines\",\"publisher\":{\"@id\":\"https:\/\/africaiforum.com\/#organization\"},\"potentialAction\":[{\"@type\":\"SearchAction\",\"target\":{\"@type\":\"EntryPoint\",\"urlTemplate\":\"https:\/\/africaiforum.com\/?s={search_term_string}\"},\"query-input\":{\"@type\":\"PropertyValueSpecification\",\"valueRequired\":true,\"valueName\":\"search_term_string\"}}],\"inLanguage\":\"en-GB\"},{\"@type\":\"Organization\",\"@id\":\"https:\/\/africaiforum.com\/#organization\",\"name\":\"Africa Infrastructure Foum\",\"url\":\"https:\/\/africaiforum.com\/\",\"logo\":{\"@type\":\"ImageObject\",\"inLanguage\":\"en-GB\",\"@id\":\"https:\/\/africaiforum.com\/#\/schema\/logo\/image\/\",\"url\":\"https:\/\/africaiforum.com\/wp-content\/uploads\/2026\/02\/cropped-logo-site-copie_Plan-de-travail-1-01.png\",\"contentUrl\":\"https:\/\/africaiforum.com\/wp-content\/uploads\/2026\/02\/cropped-logo-site-copie_Plan-de-travail-1-01.png\",\"width\":1238,\"height\":354,\"caption\":\"Africa Infrastructure Foum\"},\"image\":{\"@id\":\"https:\/\/africaiforum.com\/#\/schema\/logo\/image\/\"}}]}<\/script>\n<!-- \/ Yoast SEO plugin. -->","yoast_head_json":{"title":"Vip Speakers - Africa Infrastructure Forum","description":"D\u00e9couvrez les speakers de l\u2019Africa Infrastructure Forum 2026 : d\u00e9cideurs publics, dirigeants d\u2019entreprises et experts du financement des infrastructures.","robots":{"index":"index","follow":"follow","max-snippet":"max-snippet:-1","max-image-preview":"max-image-preview:large","max-video-preview":"max-video-preview:-1"},"canonical":"https:\/\/africaiforum.com\/en\/vip-speakers\/","og_locale":"en_GB","og_type":"article","og_title":"Vip Speakers - Africa Infrastructure Forum","og_description":"D\u00e9couvrez les speakers de l\u2019Africa Infrastructure Forum 2026 : d\u00e9cideurs publics, dirigeants d\u2019entreprises et experts du financement des infrastructures.","og_url":"https:\/\/africaiforum.com\/en\/vip-speakers\/","og_site_name":"Africa Infrastructure Forum","article_modified_time":"2026-02-07T09:22:20+00:00","twitter_card":"summary_large_image","twitter_misc":{"Estimated reading time":"1 minute"},"schema":{"@context":"https:\/\/schema.org","@graph":[{"@type":"WebPage","@id":"https:\/\/africaiforum.com\/vip-speakers\/","url":"https:\/\/africaiforum.com\/vip-speakers\/","name":"Vip Speakers - Africa Infrastructure Forum","isPartOf":{"@id":"https:\/\/africaiforum.com\/#website"},"datePublished":"2023-02-04T20:30:16+00:00","dateModified":"2026-02-07T09:22:20+00:00","description":"D\u00e9couvrez les speakers de l\u2019Africa Infrastructure Forum 2026 : d\u00e9cideurs publics, dirigeants d\u2019entreprises et experts du financement des infrastructures.","breadcrumb":{"@id":"https:\/\/africaiforum.com\/vip-speakers\/#breadcrumb"},"inLanguage":"en-GB","potentialAction":[{"@type":"ReadAction","target":["https:\/\/africaiforum.com\/vip-speakers\/"]}]},{"@type":"BreadcrumbList","@id":"https:\/\/africaiforum.com\/vip-speakers\/#breadcrumb","itemListElement":[{"@type":"ListItem","position":1,"name":"Accueil","item":"https:\/\/africaiforum.com\/"},{"@type":"ListItem","position":2,"name":"Vip Speakers"}]},{"@type":"WebSite","@id":"https:\/\/africaiforum.com\/#website","url":"https:\/\/africaiforum.com\/","name":"Africa Infrastructure Forum","description":"Africa Infrastructure Forum est le rendez-vous de r\u00e9f\u00e9rence des responsables les plus influents du financement des infrastructures en Afrique et des dirigeants des grandes entreprises africaines","publisher":{"@id":"https:\/\/africaiforum.com\/#organization"},"potentialAction":[{"@type":"SearchAction","target":{"@type":"EntryPoint","urlTemplate":"https:\/\/africaiforum.com\/?s={search_term_string}"},"query-input":{"@type":"PropertyValueSpecification","valueRequired":true,"valueName":"search_term_string"}}],"inLanguage":"en-GB"},{"@type":"Organization","@id":"https:\/\/africaiforum.com\/#organization","name":"Africa Infrastructure Foum","url":"https:\/\/africaiforum.com\/","logo":{"@type":"ImageObject","inLanguage":"en-GB","@id":"https:\/\/africaiforum.com\/#\/schema\/logo\/image\/","url":"https:\/\/africaiforum.com\/wp-content\/uploads\/2026\/02\/cropped-logo-site-copie_Plan-de-travail-1-01.png","contentUrl":"https:\/\/africaiforum.com\/wp-content\/uploads\/2026\/02\/cropped-logo-site-copie_Plan-de-travail-1-01.png","width":1238,"height":354,"caption":"Africa Infrastructure Foum"},"image":{"@id":"https:\/\/africaiforum.com\/#\/schema\/logo\/image\/"}}]}},"_links":{"self":[{"href":"https:\/\/africaiforum.com\/en\/wp-json\/wp\/v2\/pages\/1029","targetHints":{"allow":["GET"]}}],"collection":[{"href":"https:\/\/africaiforum.com\/en\/wp-json\/wp\/v2\/pages"}],"about":[{"href":"https:\/\/africaiforum.com\/en\/wp-json\/wp\/v2\/types\/page"}],"author":[{"embeddable":true,"href":"https:\/\/africaiforum.com\/en\/wp-json\/wp\/v2\/users\/1"}],"replies":[{"embeddable":true,"href":"https:\/\/africaiforum.com\/en\/wp-json\/wp\/v2\/comments?post=1029"}],"version-history":[{"count":4,"href":"https:\/\/africaiforum.com\/en\/wp-json\/wp\/v2\/pages\/1029\/revisions"}],"predecessor-version":[{"id":1611,"href":"https:\/\/africaiforum.com\/en\/wp-json\/wp\/v2\/pages\/1029\/revisions\/1611"}],"wp:attachment":[{"href":"https:\/\/africaiforum.com\/en\/wp-json\/wp\/v2\/media?parent=1029"}],"curies":[{"name":"wp","href":"https:\/\/api.w.org\/{rel}","templated":true}]}}