{"id":1272,"date":"2023-04-20T16:56:09","date_gmt":"2023-04-20T14:56:09","guid":{"rendered":"https:\/\/africaiforum.com\/browse-submissions\/"},"modified":"2023-04-20T16:56:09","modified_gmt":"2023-04-20T14:56:09","slug":"browse-submissions","status":"publish","type":"page","link":"https:\/\/africaiforum.com\/en\/browse-submissions\/","title":{"rendered":"Browse Submissions"},"content":{"rendered":"<div\nclass=\"ipt_fsqm_user_portal ipt_uif_front ipt_uif_common eform-override-element-boxy\" data-ui-theme=\"[&quot;https:\\\/\\\/africaiforum.com\\\/wp-content\\\/plugins\\\/wp-fsqm-pro\\\/static\\\/front\\\/css\\\/material-themes\\\/light-themes\\\/teal.css?ver=4.19.1&quot;]\" data-ui-theme-id=\"material-default\" data-settings=\"{&quot;nosubmission&quot;:&quot;Pas d&#039;enqu\\u00eate soumise.&quot;,&quot;login&quot;:&quot;Vous devez vous connecter pour voir vos enqu\\u00eates soumises.&quot;,&quot;show_register&quot;:&quot;1&quot;,&quot;show_forgot&quot;:&quot;1&quot;,&quot;formlabel&quot;:&quot;Form&quot;,&quot;showcategory&quot;:&quot;0&quot;,&quot;categorylabel&quot;:&quot;Category&quot;,&quot;datelabel&quot;:&quot;Date&quot;,&quot;showscore&quot;:&quot;1&quot;,&quot;scorelabel&quot;:&quot;Score&quot;,&quot;mscorelabel&quot;:&quot;Max&quot;,&quot;pscorelabel&quot;:&quot;%-age&quot;,&quot;showremarks&quot;:&quot;0&quot;,&quot;remarkslabel&quot;:&quot;Remarks&quot;,&quot;linklabel&quot;:&quot;View&quot;,&quot;actionlabel&quot;:&quot;Action&quot;,&quot;editlabel&quot;:&quot;Edit&quot;,&quot;avatar&quot;:&quot;96&quot;,&quot;theme&quot;:&quot;material-default&quot;,&quot;filters&quot;:&quot;1&quot;,&quot;title&quot;:&quot;eForm User Portal&quot;,&quot;logout_r&quot;:&quot;&quot;}\" data-nonce=\"94046807ce\" data-ajaxurl=\"https:\/\/africaiforum.com\/wp-admin\/admin-ajax.php\">\n<noscript><div\nclass=\"ipt_fsqm_form_message_noscript ui-widget ui-widget-content ui-corner-all\"><div\nclass=\"ui-helper-reset ui-helper-clearfix ui-widget-header ui-corner-all\"><h3>Javascript is disabled<\/h3><\/div><div\nclass=\"ui-widget-content ui-corner-bottom\"><p>Javascript is disabled on your browser. Please enable it in order to use this form.<\/p><\/div><\/div>\n<\/noscript><style type=\"text\/css\">.ipt_uif_ajax_loader,\n\t\t\t.ipt_uif_ajax_loader *,\n\t\t\tipt_uif_ajax_loader *::before,\n\t\t\tipt_uif_ajax_loader *::after {\n\t\t\t\tbox-sizing: border-box;\n\t\t\t}<\/style><div\nclass=\"ipt_uif_init_loader ipt-eform-preloader-inline ipt_uif_ajax_loader\"><div\nclass=\"ipt-eform-preloader-inner\"><div\nclass=\"ipt-eform-preloader-circle\"><div\nclass=\"preloader-wrapper active\"><div\nclass=\"spinner-layer spinner-blue\"><div\nclass=\"circle-clipper left\"><div\nclass=\"circle\"><\/div><\/div><div\nclass=\"gap-patch\"><div\nclass=\"circle\"><\/div><\/div><div\nclass=\"circle-clipper right\"><div\nclass=\"circle\"><\/div><\/div><\/div><div\nclass=\"spinner-layer spinner-red\"><div\nclass=\"circle-clipper left\"><div\nclass=\"circle\"><\/div><\/div><div\nclass=\"gap-patch\"><div\nclass=\"circle\"><\/div><\/div><div\nclass=\"circle-clipper right\"><div\nclass=\"circle\"><\/div><\/div><\/div><div\nclass=\"spinner-layer spinner-yellow\"><div\nclass=\"circle-clipper left\"><div\nclass=\"circle\"><\/div><\/div><div\nclass=\"gap-patch\"><div\nclass=\"circle\"><\/div><\/div><div\nclass=\"circle-clipper right\"><div\nclass=\"circle\"><\/div><\/div><\/div><div\nclass=\"spinner-layer spinner-green\"><div\nclass=\"circle-clipper left\"><div\nclass=\"circle\"><\/div><\/div><div\nclass=\"gap-patch\"><div\nclass=\"circle\"><\/div><\/div><div\nclass=\"circle-clipper right\"><div\nclass=\"circle\"><\/div><\/div><\/div><\/div><\/div><div\nclass=\"ipt-eform-preloader-text\"><div\nclass=\"ipt-eform-preloader-text-inner ipt_uif_ajax_loader_text\">Loading<\/div><\/div><div\nclass=\"clear\"><\/div><\/div><\/div><div\nstyle=\"opacity: 0;max-width: 600px; margin: 0 auto 1em;\" class=\"ipt_uif_hidden_init ui-widget-content ui-corner-all ipt_uif_up_main_container\"><h3 class=\"eform-up-login-header ipt_uif_divider ipt_uif_align_left\">\n<span\nclass=\"ipt_uif_divider_text\">\n<i\ntitle=\"\" class=\"ipticm prefix\" data-ipt-icomoon=\"&#xe10f;\"><\/i>\n<span\nclass=\"ipt_uif_divider_text_inner\">\nVous devez vous connecter pour voir vos enqu\u00eates soumises.\t\t\t\t<\/span>\n<\/span><\/h3><form\naction=\"https:\/\/africaiforum.com\/en\/ai2023f\/\" name=\"ipt_fsqm_up_login\" id=\"ipt_fsqm_up_login\" method=\"post\"><div\nclass=\"ipt_uif_column ipt_uif_column_full ipt_uif_conditional\"><div\nclass=\"ipt_uif_column_inner side_margin\"><div\nclass=\"ipt_uif_question ipt_uif_question_full\"><div\nclass=\"ipt_uif_question_content\"><div\nclass=\"input-field has-icon\">\n<input\nclass=\"check_me  ipt_uif_text\"\ntype=\"text\"\nname=\"log\"\nid=\"log\"\nvalue=\"\" \/>\n<i\ntitle=\"\" class=\"ipt-icomoon-user ipticm prefix\"><\/i>\n<label\nfor=\"log\">Username<\/label><\/div><div\nclass=\"clear-both\"><\/div><\/div><\/div><div\nclass=\"clear-both\"><\/div><\/div><\/div><div\nclass=\"ipt_uif_column ipt_uif_column_full ipt_uif_conditional\"><div\nclass=\"ipt_uif_column_inner side_margin\"><div\nclass=\"ipt_uif_question ipt_uif_question_full\"><div\nclass=\"ipt_uif_question_content\"><div\nclass=\"input-field has-icon ipt-eform-password\">\n<input\nclass=\"check_me  ipt_uif_text ipt_uif_password\"\ntype=\"password\"\nname=\"pwd\"\nid=\"pwd\"\nvalue=\"\" \/>\n<i\ntitle=\"Click to show password\" class=\"ipt-icomoon-eye ipticm prefix\"><\/i>\n<label\nfor=\"pwd\">Password<\/label><\/div><div\nclass=\"clear-both\"><\/div><\/div><\/div><div\nclass=\"clear-both\"><\/div><\/div><\/div><div\nclass=\"ipt_uif_column ipt_uif_column_full ipt_uif_conditional\"><div\nclass=\"ipt_uif_column_inner side_margin\"><div\nclass=\"ipt_uif_label_column column_1\">\n<input\ntype=\"checkbox\"\nclass=\"check_me ipt_uif_checkbox filled-in  ipt_uif_s_checkbox\"\nname=\"rememberme\" id=\"rememberme_forever\"\nvalue=\"forever\" \/>\n<label\nclass=\"eform-label-with-tabindex\" tabindex=\"0\" for=\"rememberme_forever\" data-labelcon=\"&#xe18e;\">\nRemember Me\t\t\t\t<\/label><\/div><div\nclass=\"clear-both\"><\/div><div\nclass=\"clear-both\"><\/div><\/div><\/div><div\nclass=\"ipt_uif_column ipt_uif_column_full ipt_uif_conditional\"><div\nclass=\"ipt_uif_column_inner side_margin\"><div\nclass=\"align-center ipt_fsqm_form_button_container--flat ipt-eform-material-button-container\"><div\nclass=\"eform-button-container-inner\">\n<button\ntype=\"submit\" class=\"ipt_uif_button eform-material-button eform-ripple medium secondary-button\" name=\"wp-submit\" id=\"wp-submit\"><i\nclass=\"ipticm ipt-icomoon-switch\"><\/i> Login<\/button>\n<button\ntype=\"button\" onclick=\"javascript:window.location.href=&quot;https:\/\/africaiforum.com\/en\/ai2023f\/?action=lostpassword&amp;redirect_to=https%3A%2F%2Fafricaiforum.com%2Fen%2Fwp-json%2Fwp%2Fv2%2Fpages%2F1272&quot;\" class=\"ipt_uif_button eform-material-button eform-ripple medium secondary-button\" name=\"ipt_fsqm_up_rpwd\" id=\"ipt_fsqm_up_rpwd\"><i\nclass=\"ipticm ipt-icomoon-info-2\"><\/i> Forgot Password<\/button><\/div><\/div><div\nclass=\"clear-both\"><\/div><\/div><\/div>\n<input\ntype=\"hidden\" name=\"redirect_to\" value=\"https:\/\/africaiforum.com\/en\/wp-json\/wp\/v2\/pages\/1272\" \/><\/form><div\nclass=\"clear\"><\/div><\/div><\/div>","protected":false},"excerpt":{"rendered":"","protected":false},"author":1,"featured_media":0,"parent":0,"menu_order":0,"comment_status":"closed","ping_status":"closed","template":"","meta":{"footnotes":""},"class_list":["post-1272","page","type-page","status-publish","hentry"],"yoast_head":"<!-- This site is optimized with the Yoast SEO plugin v26.9 - https:\/\/yoast.com\/product\/yoast-seo-wordpress\/ -->\n<title>Browse Submissions - Africa Infrastructure Forum<\/title>\n<meta name=\"description\" content=\"Rejoignez les d\u00e9cideurs africains et les leaders du secteur financier lors de l&#039;AFRICA INFRASTRUCTURE FORUM 2023. Ce forum de premier plan rassemble plus de 1800 participants, dont 300 PDG africains, 100 banquiers et financiers, et 200 personnalit\u00e9s influentes. Explorez les opportunit\u00e9s de d\u00e9veloppement \u00e9conomique des infrastructures, de l&#039;habitat et de l&#039;immobilier en Afrique. Ne manquez pas cette plateforme unique de connexions entre d\u00e9cideurs africains, investisseurs internationaux et institutions de financement des infrastructures sur le continent.\" \/>\n<meta name=\"robots\" content=\"index, follow, max-snippet:-1, max-image-preview:large, max-video-preview:-1\" \/>\n<link rel=\"canonical\" href=\"https:\/\/africaiforum.com\/en\/browse-submissions\/\" \/>\n<meta property=\"og:locale\" content=\"en_GB\" \/>\n<meta property=\"og:type\" content=\"article\" \/>\n<meta property=\"og:title\" content=\"Browse Submissions - Africa Infrastructure Forum\" \/>\n<meta property=\"og:description\" content=\"Rejoignez les d\u00e9cideurs africains et les leaders du secteur financier lors de l&#039;AFRICA INFRASTRUCTURE FORUM 2023. Ce forum de premier plan rassemble plus de 1800 participants, dont 300 PDG africains, 100 banquiers et financiers, et 200 personnalit\u00e9s influentes. Explorez les opportunit\u00e9s de d\u00e9veloppement \u00e9conomique des infrastructures, de l&#039;habitat et de l&#039;immobilier en Afrique. Ne manquez pas cette plateforme unique de connexions entre d\u00e9cideurs africains, investisseurs internationaux et institutions de financement des infrastructures sur le continent.\" \/>\n<meta property=\"og:url\" content=\"https:\/\/africaiforum.com\/en\/browse-submissions\/\" \/>\n<meta property=\"og:site_name\" content=\"Africa Infrastructure Forum\" \/>\n<meta name=\"twitter:card\" content=\"summary_large_image\" \/>\n<script type=\"application\/ld+json\" class=\"yoast-schema-graph\">{\"@context\":\"https:\/\/schema.org\",\"@graph\":[{\"@type\":\"WebPage\",\"@id\":\"https:\/\/africaiforum.com\/browse-submissions\/\",\"url\":\"https:\/\/africaiforum.com\/browse-submissions\/\",\"name\":\"Browse Submissions - Africa Infrastructure Forum\",\"isPartOf\":{\"@id\":\"https:\/\/africaiforum.com\/#website\"},\"datePublished\":\"2023-04-20T14:56:09+00:00\",\"description\":\"Rejoignez les d\u00e9cideurs africains et les leaders du secteur financier lors de l'AFRICA INFRASTRUCTURE FORUM 2023. Ce forum de premier plan rassemble plus de 1800 participants, dont 300 PDG africains, 100 banquiers et financiers, et 200 personnalit\u00e9s influentes. Explorez les opportunit\u00e9s de d\u00e9veloppement \u00e9conomique des infrastructures, de l'habitat et de l'immobilier en Afrique. Ne manquez pas cette plateforme unique de connexions entre d\u00e9cideurs africains, investisseurs internationaux et institutions de financement des infrastructures sur le continent.\",\"breadcrumb\":{\"@id\":\"https:\/\/africaiforum.com\/browse-submissions\/#breadcrumb\"},\"inLanguage\":\"en-GB\",\"potentialAction\":[{\"@type\":\"ReadAction\",\"target\":[\"https:\/\/africaiforum.com\/browse-submissions\/\"]}]},{\"@type\":\"BreadcrumbList\",\"@id\":\"https:\/\/africaiforum.com\/browse-submissions\/#breadcrumb\",\"itemListElement\":[{\"@type\":\"ListItem\",\"position\":1,\"name\":\"Accueil\",\"item\":\"https:\/\/africaiforum.com\/\"},{\"@type\":\"ListItem\",\"position\":2,\"name\":\"Browse Submissions\"}]},{\"@type\":\"WebSite\",\"@id\":\"https:\/\/africaiforum.com\/#website\",\"url\":\"https:\/\/africaiforum.com\/\",\"name\":\"Africa Infrastructure Forum\",\"description\":\"Africa Infrastructure Forum est le rendez-vous de r\u00e9f\u00e9rence des responsables les plus influents du financement des infrastructures en Afrique et des dirigeants des grandes entreprises africaines\",\"publisher\":{\"@id\":\"https:\/\/africaiforum.com\/#organization\"},\"potentialAction\":[{\"@type\":\"SearchAction\",\"target\":{\"@type\":\"EntryPoint\",\"urlTemplate\":\"https:\/\/africaiforum.com\/?s={search_term_string}\"},\"query-input\":{\"@type\":\"PropertyValueSpecification\",\"valueRequired\":true,\"valueName\":\"search_term_string\"}}],\"inLanguage\":\"en-GB\"},{\"@type\":\"Organization\",\"@id\":\"https:\/\/africaiforum.com\/#organization\",\"name\":\"Africa Infrastructure Foum\",\"url\":\"https:\/\/africaiforum.com\/\",\"logo\":{\"@type\":\"ImageObject\",\"inLanguage\":\"en-GB\",\"@id\":\"https:\/\/africaiforum.com\/#\/schema\/logo\/image\/\",\"url\":\"https:\/\/africaiforum.com\/wp-content\/uploads\/2026\/02\/cropped-logo-site-copie_Plan-de-travail-1-01.png\",\"contentUrl\":\"https:\/\/africaiforum.com\/wp-content\/uploads\/2026\/02\/cropped-logo-site-copie_Plan-de-travail-1-01.png\",\"width\":1238,\"height\":354,\"caption\":\"Africa Infrastructure Foum\"},\"image\":{\"@id\":\"https:\/\/africaiforum.com\/#\/schema\/logo\/image\/\"}}]}<\/script>\n<!-- \/ Yoast SEO plugin. -->","yoast_head_json":{"title":"Browse Submissions - Africa Infrastructure Forum","description":"Rejoignez les d\u00e9cideurs africains et les leaders du secteur financier lors de l'AFRICA INFRASTRUCTURE FORUM 2023. Ce forum de premier plan rassemble plus de 1800 participants, dont 300 PDG africains, 100 banquiers et financiers, et 200 personnalit\u00e9s influentes. Explorez les opportunit\u00e9s de d\u00e9veloppement \u00e9conomique des infrastructures, de l'habitat et de l'immobilier en Afrique. Ne manquez pas cette plateforme unique de connexions entre d\u00e9cideurs africains, investisseurs internationaux et institutions de financement des infrastructures sur le continent.","robots":{"index":"index","follow":"follow","max-snippet":"max-snippet:-1","max-image-preview":"max-image-preview:large","max-video-preview":"max-video-preview:-1"},"canonical":"https:\/\/africaiforum.com\/en\/browse-submissions\/","og_locale":"en_GB","og_type":"article","og_title":"Browse Submissions - Africa Infrastructure Forum","og_description":"Rejoignez les d\u00e9cideurs africains et les leaders du secteur financier lors de l'AFRICA INFRASTRUCTURE FORUM 2023. Ce forum de premier plan rassemble plus de 1800 participants, dont 300 PDG africains, 100 banquiers et financiers, et 200 personnalit\u00e9s influentes. Explorez les opportunit\u00e9s de d\u00e9veloppement \u00e9conomique des infrastructures, de l'habitat et de l'immobilier en Afrique. Ne manquez pas cette plateforme unique de connexions entre d\u00e9cideurs africains, investisseurs internationaux et institutions de financement des infrastructures sur le continent.","og_url":"https:\/\/africaiforum.com\/en\/browse-submissions\/","og_site_name":"Africa Infrastructure Forum","twitter_card":"summary_large_image","schema":{"@context":"https:\/\/schema.org","@graph":[{"@type":"WebPage","@id":"https:\/\/africaiforum.com\/browse-submissions\/","url":"https:\/\/africaiforum.com\/browse-submissions\/","name":"Browse Submissions - Africa Infrastructure Forum","isPartOf":{"@id":"https:\/\/africaiforum.com\/#website"},"datePublished":"2023-04-20T14:56:09+00:00","description":"Rejoignez les d\u00e9cideurs africains et les leaders du secteur financier lors de l'AFRICA INFRASTRUCTURE FORUM 2023. Ce forum de premier plan rassemble plus de 1800 participants, dont 300 PDG africains, 100 banquiers et financiers, et 200 personnalit\u00e9s influentes. Explorez les opportunit\u00e9s de d\u00e9veloppement \u00e9conomique des infrastructures, de l'habitat et de l'immobilier en Afrique. Ne manquez pas cette plateforme unique de connexions entre d\u00e9cideurs africains, investisseurs internationaux et institutions de financement des infrastructures sur le continent.","breadcrumb":{"@id":"https:\/\/africaiforum.com\/browse-submissions\/#breadcrumb"},"inLanguage":"en-GB","potentialAction":[{"@type":"ReadAction","target":["https:\/\/africaiforum.com\/browse-submissions\/"]}]},{"@type":"BreadcrumbList","@id":"https:\/\/africaiforum.com\/browse-submissions\/#breadcrumb","itemListElement":[{"@type":"ListItem","position":1,"name":"Accueil","item":"https:\/\/africaiforum.com\/"},{"@type":"ListItem","position":2,"name":"Browse Submissions"}]},{"@type":"WebSite","@id":"https:\/\/africaiforum.com\/#website","url":"https:\/\/africaiforum.com\/","name":"Africa Infrastructure Forum","description":"Africa Infrastructure Forum est le rendez-vous de r\u00e9f\u00e9rence des responsables les plus influents du financement des infrastructures en Afrique et des dirigeants des grandes entreprises africaines","publisher":{"@id":"https:\/\/africaiforum.com\/#organization"},"potentialAction":[{"@type":"SearchAction","target":{"@type":"EntryPoint","urlTemplate":"https:\/\/africaiforum.com\/?s={search_term_string}"},"query-input":{"@type":"PropertyValueSpecification","valueRequired":true,"valueName":"search_term_string"}}],"inLanguage":"en-GB"},{"@type":"Organization","@id":"https:\/\/africaiforum.com\/#organization","name":"Africa Infrastructure Foum","url":"https:\/\/africaiforum.com\/","logo":{"@type":"ImageObject","inLanguage":"en-GB","@id":"https:\/\/africaiforum.com\/#\/schema\/logo\/image\/","url":"https:\/\/africaiforum.com\/wp-content\/uploads\/2026\/02\/cropped-logo-site-copie_Plan-de-travail-1-01.png","contentUrl":"https:\/\/africaiforum.com\/wp-content\/uploads\/2026\/02\/cropped-logo-site-copie_Plan-de-travail-1-01.png","width":1238,"height":354,"caption":"Africa Infrastructure Foum"},"image":{"@id":"https:\/\/africaiforum.com\/#\/schema\/logo\/image\/"}}]}},"_links":{"self":[{"href":"https:\/\/africaiforum.com\/en\/wp-json\/wp\/v2\/pages\/1272","targetHints":{"allow":["GET"]}}],"collection":[{"href":"https:\/\/africaiforum.com\/en\/wp-json\/wp\/v2\/pages"}],"about":[{"href":"https:\/\/africaiforum.com\/en\/wp-json\/wp\/v2\/types\/page"}],"author":[{"embeddable":true,"href":"https:\/\/africaiforum.com\/en\/wp-json\/wp\/v2\/users\/1"}],"replies":[{"embeddable":true,"href":"https:\/\/africaiforum.com\/en\/wp-json\/wp\/v2\/comments?post=1272"}],"version-history":[{"count":0,"href":"https:\/\/africaiforum.com\/en\/wp-json\/wp\/v2\/pages\/1272\/revisions"}],"wp:attachment":[{"href":"https:\/\/africaiforum.com\/en\/wp-json\/wp\/v2\/media?parent=1272"}],"curies":[{"name":"wp","href":"https:\/\/api.w.org\/{rel}","templated":true}]}}