{"id":1466,"date":"2023-11-01T22:29:37","date_gmt":"2023-11-01T22:29:37","guid":{"rendered":"https:\/\/africaiforum.com\/?page_id=1466"},"modified":"2026-02-12T16:16:57","modified_gmt":"2026-02-12T16:16:57","slug":"le-promoteur","status":"publish","type":"page","link":"https:\/\/africaiforum.com\/en\/le-promoteur\/","title":{"rendered":"Le promoteur"},"content":{"rendered":"<div data-elementor-type=\"wp-page\" data-elementor-id=\"1466\" class=\"elementor elementor-1466\" data-elementor-post-type=\"page\">\n\t\t\t\t\t\t<section data-particle_enable=\"false\" data-particle-mobile-disabled=\"false\" class=\"elementor-section elementor-top-section elementor-element elementor-element-4ecdd3f elementor-section-boxed elementor-section-height-default elementor-section-height-default\" data-id=\"4ecdd3f\" data-element_type=\"section\" data-e-type=\"section\" data-settings=\"{&quot;background_background&quot;:&quot;classic&quot;}\">\n\t\t\t\t\t\t<div class=\"elementor-container elementor-column-gap-default\">\n\t\t\t\t\t<div class=\"elementor-column elementor-col-50 elementor-top-column elementor-element elementor-element-a686104\" data-id=\"a686104\" data-element_type=\"column\" data-e-type=\"column\">\n\t\t\t<div class=\"elementor-widget-wrap elementor-element-populated\">\n\t\t\t\t\t\t\t<\/div>\n\t\t<\/div>\n\t\t\t\t<div class=\"elementor-column elementor-col-50 elementor-top-column elementor-element elementor-element-535ec98 elementor-hidden-mobile\" data-id=\"535ec98\" data-element_type=\"column\" data-e-type=\"column\">\n\t\t\t<div class=\"elementor-widget-wrap elementor-element-populated\">\n\t\t\t\t\t\t<div class=\"elementor-element elementor-element-87c5f65 elementor-align-right elementor-widget elementor-widget-breadcrumbs\" data-id=\"87c5f65\" data-element_type=\"widget\" data-e-type=\"widget\" data-widget_type=\"breadcrumbs.default\">\n\t\t\t\t<div class=\"elementor-widget-container\">\n\t\t\t\t\t<p id=\"breadcrumbs\"><span><span><a href=\"https:\/\/africaiforum.com\/en\/\">Home<\/a><\/span><\/span><\/p>\t\t\t\t<\/div>\n\t\t\t\t<\/div>\n\t\t\t\t\t<\/div>\n\t\t<\/div>\n\t\t\t\t\t<\/div>\n\t\t<\/section>\n\t\t\t\t<section data-particle_enable=\"false\" data-particle-mobile-disabled=\"false\" class=\"elementor-section elementor-top-section elementor-element elementor-element-6cbfb92 elementor-section-boxed elementor-section-height-default elementor-section-height-default\" data-id=\"6cbfb92\" data-element_type=\"section\" data-e-type=\"section\">\n\t\t\t\t\t\t<div class=\"elementor-container elementor-column-gap-default\">\n\t\t\t\t\t<div class=\"elementor-column elementor-col-50 elementor-top-column elementor-element elementor-element-c6aaf87\" data-id=\"c6aaf87\" data-element_type=\"column\" data-e-type=\"column\">\n\t\t\t<div class=\"elementor-widget-wrap elementor-element-populated\">\n\t\t\t\t\t\t<div class=\"elementor-element elementor-element-182f45d elementor-widget elementor-widget-heading\" data-id=\"182f45d\" data-element_type=\"widget\" data-e-type=\"widget\" data-widget_type=\"heading.default\">\n\t\t\t\t<div class=\"elementor-widget-container\">\n\t\t\t\t\t<h2 class=\"elementor-heading-title elementor-size-default\">BITEL GROUP, Quality label!<\/h2>\t\t\t\t<\/div>\n\t\t\t\t<\/div>\n\t\t\t\t<div class=\"elementor-element elementor-element-c438389 elementor-widget elementor-widget-text-editor\" data-id=\"c438389\" data-element_type=\"widget\" data-e-type=\"widget\" data-widget_type=\"text-editor.default\">\n\t\t\t\t<div class=\"elementor-widget-container\">\n\t\t\t\t\t\t\t\t\t<p><b>BITEL GROUP<\/b>creator of the AFRICA INFRASTRUCTURE FORUM, is a 360\u00b0 communications group. It specialises in communications strategy consultancy, developing and managing communications campaigns, marketing, public relations and large-scale events.<\/p><p>It organises professional events for the strategic infrastructure, natural resources, energy, finance and digital sectors. Its headquarters are in Ouagadougou, Burkina Faso.<\/p><p>Its expertise is regularly called upon in West and Central Africa.<\/p>\t\t\t\t\t\t\t\t<\/div>\n\t\t\t\t<\/div>\n\t\t\t\t\t<\/div>\n\t\t<\/div>\n\t\t\t\t<div class=\"elementor-column elementor-col-50 elementor-top-column elementor-element elementor-element-d4bee00\" data-id=\"d4bee00\" data-element_type=\"column\" data-e-type=\"column\">\n\t\t\t<div class=\"elementor-widget-wrap elementor-element-populated\">\n\t\t\t\t\t\t<div class=\"elementor-element elementor-element-2044207 elementor-widget elementor-widget-image\" data-id=\"2044207\" data-element_type=\"widget\" data-e-type=\"widget\" data-widget_type=\"image.default\">\n\t\t\t\t<div class=\"elementor-widget-container\">\n\t\t\t\t\t\t\t\t\t\t\t\t\t\t\t<img fetchpriority=\"high\" decoding=\"async\" width=\"800\" height=\"554\" src=\"https:\/\/africaiforum.com\/wp-content\/uploads\/2023\/07\/LOGO-BITELGROUP.png\" class=\"attachment-large size-large wp-image-1532\" alt=\"\" srcset=\"https:\/\/africaiforum.com\/wp-content\/uploads\/2023\/07\/LOGO-BITELGROUP.png 834w, https:\/\/africaiforum.com\/wp-content\/uploads\/2023\/07\/LOGO-BITELGROUP-300x208.png 300w, https:\/\/africaiforum.com\/wp-content\/uploads\/2023\/07\/LOGO-BITELGROUP-768x532.png 768w, https:\/\/africaiforum.com\/wp-content\/uploads\/2023\/07\/LOGO-BITELGROUP-18x12.png 18w\" sizes=\"(max-width: 800px) 100vw, 800px\" \/>\t\t\t\t\t\t\t\t\t\t\t\t\t\t\t<\/div>\n\t\t\t\t<\/div>\n\t\t\t\t\t<\/div>\n\t\t<\/div>\n\t\t\t\t\t<\/div>\n\t\t<\/section>\n\t\t\t\t<\/div>","protected":false},"excerpt":{"rendered":"<p>BITEL GROUP, Label de qualit\u00e9! BITEL GROUP, concepteur du AFRICA INFRASTRUCTURE FORUM, est un groupe de communication \u00e0 360\u00b0. Il est sp\u00e9cialis\u00e9 dans le conseil en strat\u00e9gies de communication, dans l\u2019\u00e9laboration et la gestion de campagnes de communication, dans le marketing, dans les relations publiques et dans l\u2019\u00e9v\u00e8nementiel d\u2019envergure. Il organise des \u00e9v\u00e8nements professionnels pour [&hellip;]<\/p>","protected":false},"author":1,"featured_media":0,"parent":0,"menu_order":0,"comment_status":"closed","ping_status":"closed","template":"","meta":{"footnotes":""},"class_list":["post-1466","page","type-page","status-publish","hentry"],"yoast_head":"<!-- This site is optimized with the Yoast SEO plugin v26.9 - https:\/\/yoast.com\/product\/yoast-seo-wordpress\/ -->\n<title>Le promoteur - Africa Infrastructure Forum<\/title>\n<meta name=\"description\" content=\"Rejoignez les d\u00e9cideurs africains et les leaders du secteur financier lors de l&#039;AFRICA INFRASTRUCTURE FORUM 2023. Ce forum de premier plan rassemble plus de 1800 participants, dont 300 PDG africains, 100 banquiers et financiers, et 200 personnalit\u00e9s influentes. Explorez les opportunit\u00e9s de d\u00e9veloppement \u00e9conomique des infrastructures, de l&#039;habitat et de l&#039;immobilier en Afrique. Ne manquez pas cette plateforme unique de connexions entre d\u00e9cideurs africains, investisseurs internationaux et institutions de financement des infrastructures sur le continent.\" \/>\n<meta name=\"robots\" content=\"index, follow, max-snippet:-1, max-image-preview:large, max-video-preview:-1\" \/>\n<link rel=\"canonical\" href=\"https:\/\/africaiforum.com\/en\/le-promoteur\/\" \/>\n<meta property=\"og:locale\" content=\"en_GB\" \/>\n<meta property=\"og:type\" content=\"article\" \/>\n<meta property=\"og:title\" content=\"Le promoteur - Africa Infrastructure Forum\" \/>\n<meta property=\"og:description\" content=\"Rejoignez les d\u00e9cideurs africains et les leaders du secteur financier lors de l&#039;AFRICA INFRASTRUCTURE FORUM 2023. Ce forum de premier plan rassemble plus de 1800 participants, dont 300 PDG africains, 100 banquiers et financiers, et 200 personnalit\u00e9s influentes. Explorez les opportunit\u00e9s de d\u00e9veloppement \u00e9conomique des infrastructures, de l&#039;habitat et de l&#039;immobilier en Afrique. Ne manquez pas cette plateforme unique de connexions entre d\u00e9cideurs africains, investisseurs internationaux et institutions de financement des infrastructures sur le continent.\" \/>\n<meta property=\"og:url\" content=\"https:\/\/africaiforum.com\/en\/le-promoteur\/\" \/>\n<meta property=\"og:site_name\" content=\"Africa Infrastructure Forum\" \/>\n<meta property=\"article:modified_time\" content=\"2026-02-12T16:16:57+00:00\" \/>\n<meta property=\"og:image\" content=\"https:\/\/africaiforum.com\/wp-content\/uploads\/2023\/07\/LOGO-BITELGROUP.png\" \/>\n\t<meta property=\"og:image:width\" content=\"834\" \/>\n\t<meta property=\"og:image:height\" content=\"578\" \/>\n\t<meta property=\"og:image:type\" content=\"image\/png\" \/>\n<meta name=\"twitter:card\" content=\"summary_large_image\" \/>\n<meta name=\"twitter:label1\" content=\"Estimated reading time\" \/>\n\t<meta name=\"twitter:data1\" content=\"1 minute\" \/>\n<script type=\"application\/ld+json\" class=\"yoast-schema-graph\">{\"@context\":\"https:\/\/schema.org\",\"@graph\":[{\"@type\":\"WebPage\",\"@id\":\"https:\/\/africaiforum.com\/le-promoteur\/\",\"url\":\"https:\/\/africaiforum.com\/le-promoteur\/\",\"name\":\"Le promoteur - Africa Infrastructure Forum\",\"isPartOf\":{\"@id\":\"https:\/\/africaiforum.com\/#website\"},\"primaryImageOfPage\":{\"@id\":\"https:\/\/africaiforum.com\/le-promoteur\/#primaryimage\"},\"image\":{\"@id\":\"https:\/\/africaiforum.com\/le-promoteur\/#primaryimage\"},\"thumbnailUrl\":\"https:\/\/africaiforum.com\/wp-content\/uploads\/2023\/07\/LOGO-BITELGROUP.png\",\"datePublished\":\"2023-11-01T22:29:37+00:00\",\"dateModified\":\"2026-02-12T16:16:57+00:00\",\"description\":\"Rejoignez les d\u00e9cideurs africains et les leaders du secteur financier lors de l'AFRICA INFRASTRUCTURE FORUM 2023. Ce forum de premier plan rassemble plus de 1800 participants, dont 300 PDG africains, 100 banquiers et financiers, et 200 personnalit\u00e9s influentes. Explorez les opportunit\u00e9s de d\u00e9veloppement \u00e9conomique des infrastructures, de l'habitat et de l'immobilier en Afrique. Ne manquez pas cette plateforme unique de connexions entre d\u00e9cideurs africains, investisseurs internationaux et institutions de financement des infrastructures sur le continent.\",\"breadcrumb\":{\"@id\":\"https:\/\/africaiforum.com\/le-promoteur\/#breadcrumb\"},\"inLanguage\":\"en-GB\",\"potentialAction\":[{\"@type\":\"ReadAction\",\"target\":[\"https:\/\/africaiforum.com\/le-promoteur\/\"]}]},{\"@type\":\"ImageObject\",\"inLanguage\":\"en-GB\",\"@id\":\"https:\/\/africaiforum.com\/le-promoteur\/#primaryimage\",\"url\":\"https:\/\/africaiforum.com\/wp-content\/uploads\/2023\/07\/LOGO-BITELGROUP.png\",\"contentUrl\":\"https:\/\/africaiforum.com\/wp-content\/uploads\/2023\/07\/LOGO-BITELGROUP.png\"},{\"@type\":\"BreadcrumbList\",\"@id\":\"https:\/\/africaiforum.com\/le-promoteur\/#breadcrumb\",\"itemListElement\":[{\"@type\":\"ListItem\",\"position\":1,\"name\":\"Accueil\",\"item\":\"https:\/\/africaiforum.com\/\"},{\"@type\":\"ListItem\",\"position\":2,\"name\":\"Le promoteur\"}]},{\"@type\":\"WebSite\",\"@id\":\"https:\/\/africaiforum.com\/#website\",\"url\":\"https:\/\/africaiforum.com\/\",\"name\":\"Africa Infrastructure Forum\",\"description\":\"Africa Infrastructure Forum est le rendez-vous de r\u00e9f\u00e9rence des responsables les plus influents du financement des infrastructures en Afrique et des dirigeants des grandes entreprises africaines\",\"publisher\":{\"@id\":\"https:\/\/africaiforum.com\/#organization\"},\"potentialAction\":[{\"@type\":\"SearchAction\",\"target\":{\"@type\":\"EntryPoint\",\"urlTemplate\":\"https:\/\/africaiforum.com\/?s={search_term_string}\"},\"query-input\":{\"@type\":\"PropertyValueSpecification\",\"valueRequired\":true,\"valueName\":\"search_term_string\"}}],\"inLanguage\":\"en-GB\"},{\"@type\":\"Organization\",\"@id\":\"https:\/\/africaiforum.com\/#organization\",\"name\":\"Africa Infrastructure Foum\",\"url\":\"https:\/\/africaiforum.com\/\",\"logo\":{\"@type\":\"ImageObject\",\"inLanguage\":\"en-GB\",\"@id\":\"https:\/\/africaiforum.com\/#\/schema\/logo\/image\/\",\"url\":\"https:\/\/africaiforum.com\/wp-content\/uploads\/2026\/02\/cropped-logo-site-copie_Plan-de-travail-1-01.png\",\"contentUrl\":\"https:\/\/africaiforum.com\/wp-content\/uploads\/2026\/02\/cropped-logo-site-copie_Plan-de-travail-1-01.png\",\"width\":1238,\"height\":354,\"caption\":\"Africa Infrastructure Foum\"},\"image\":{\"@id\":\"https:\/\/africaiforum.com\/#\/schema\/logo\/image\/\"}}]}<\/script>\n<!-- \/ Yoast SEO plugin. -->","yoast_head_json":{"title":"Le promoteur - Africa Infrastructure Forum","description":"Rejoignez les d\u00e9cideurs africains et les leaders du secteur financier lors de l'AFRICA INFRASTRUCTURE FORUM 2023. Ce forum de premier plan rassemble plus de 1800 participants, dont 300 PDG africains, 100 banquiers et financiers, et 200 personnalit\u00e9s influentes. Explorez les opportunit\u00e9s de d\u00e9veloppement \u00e9conomique des infrastructures, de l'habitat et de l'immobilier en Afrique. Ne manquez pas cette plateforme unique de connexions entre d\u00e9cideurs africains, investisseurs internationaux et institutions de financement des infrastructures sur le continent.","robots":{"index":"index","follow":"follow","max-snippet":"max-snippet:-1","max-image-preview":"max-image-preview:large","max-video-preview":"max-video-preview:-1"},"canonical":"https:\/\/africaiforum.com\/en\/le-promoteur\/","og_locale":"en_GB","og_type":"article","og_title":"Le promoteur - Africa Infrastructure Forum","og_description":"Rejoignez les d\u00e9cideurs africains et les leaders du secteur financier lors de l'AFRICA INFRASTRUCTURE FORUM 2023. Ce forum de premier plan rassemble plus de 1800 participants, dont 300 PDG africains, 100 banquiers et financiers, et 200 personnalit\u00e9s influentes. Explorez les opportunit\u00e9s de d\u00e9veloppement \u00e9conomique des infrastructures, de l'habitat et de l'immobilier en Afrique. Ne manquez pas cette plateforme unique de connexions entre d\u00e9cideurs africains, investisseurs internationaux et institutions de financement des infrastructures sur le continent.","og_url":"https:\/\/africaiforum.com\/en\/le-promoteur\/","og_site_name":"Africa Infrastructure Forum","article_modified_time":"2026-02-12T16:16:57+00:00","og_image":[{"width":834,"height":578,"url":"https:\/\/africaiforum.com\/wp-content\/uploads\/2023\/07\/LOGO-BITELGROUP.png","type":"image\/png"}],"twitter_card":"summary_large_image","twitter_misc":{"Estimated reading time":"1 minute"},"schema":{"@context":"https:\/\/schema.org","@graph":[{"@type":"WebPage","@id":"https:\/\/africaiforum.com\/le-promoteur\/","url":"https:\/\/africaiforum.com\/le-promoteur\/","name":"Le promoteur - Africa Infrastructure Forum","isPartOf":{"@id":"https:\/\/africaiforum.com\/#website"},"primaryImageOfPage":{"@id":"https:\/\/africaiforum.com\/le-promoteur\/#primaryimage"},"image":{"@id":"https:\/\/africaiforum.com\/le-promoteur\/#primaryimage"},"thumbnailUrl":"https:\/\/africaiforum.com\/wp-content\/uploads\/2023\/07\/LOGO-BITELGROUP.png","datePublished":"2023-11-01T22:29:37+00:00","dateModified":"2026-02-12T16:16:57+00:00","description":"Rejoignez les d\u00e9cideurs africains et les leaders du secteur financier lors de l'AFRICA INFRASTRUCTURE FORUM 2023. Ce forum de premier plan rassemble plus de 1800 participants, dont 300 PDG africains, 100 banquiers et financiers, et 200 personnalit\u00e9s influentes. Explorez les opportunit\u00e9s de d\u00e9veloppement \u00e9conomique des infrastructures, de l'habitat et de l'immobilier en Afrique. Ne manquez pas cette plateforme unique de connexions entre d\u00e9cideurs africains, investisseurs internationaux et institutions de financement des infrastructures sur le continent.","breadcrumb":{"@id":"https:\/\/africaiforum.com\/le-promoteur\/#breadcrumb"},"inLanguage":"en-GB","potentialAction":[{"@type":"ReadAction","target":["https:\/\/africaiforum.com\/le-promoteur\/"]}]},{"@type":"ImageObject","inLanguage":"en-GB","@id":"https:\/\/africaiforum.com\/le-promoteur\/#primaryimage","url":"https:\/\/africaiforum.com\/wp-content\/uploads\/2023\/07\/LOGO-BITELGROUP.png","contentUrl":"https:\/\/africaiforum.com\/wp-content\/uploads\/2023\/07\/LOGO-BITELGROUP.png"},{"@type":"BreadcrumbList","@id":"https:\/\/africaiforum.com\/le-promoteur\/#breadcrumb","itemListElement":[{"@type":"ListItem","position":1,"name":"Accueil","item":"https:\/\/africaiforum.com\/"},{"@type":"ListItem","position":2,"name":"Le promoteur"}]},{"@type":"WebSite","@id":"https:\/\/africaiforum.com\/#website","url":"https:\/\/africaiforum.com\/","name":"Africa Infrastructure Forum","description":"Africa Infrastructure Forum est le rendez-vous de r\u00e9f\u00e9rence des responsables les plus influents du financement des infrastructures en Afrique et des dirigeants des grandes entreprises africaines","publisher":{"@id":"https:\/\/africaiforum.com\/#organization"},"potentialAction":[{"@type":"SearchAction","target":{"@type":"EntryPoint","urlTemplate":"https:\/\/africaiforum.com\/?s={search_term_string}"},"query-input":{"@type":"PropertyValueSpecification","valueRequired":true,"valueName":"search_term_string"}}],"inLanguage":"en-GB"},{"@type":"Organization","@id":"https:\/\/africaiforum.com\/#organization","name":"Africa Infrastructure Foum","url":"https:\/\/africaiforum.com\/","logo":{"@type":"ImageObject","inLanguage":"en-GB","@id":"https:\/\/africaiforum.com\/#\/schema\/logo\/image\/","url":"https:\/\/africaiforum.com\/wp-content\/uploads\/2026\/02\/cropped-logo-site-copie_Plan-de-travail-1-01.png","contentUrl":"https:\/\/africaiforum.com\/wp-content\/uploads\/2026\/02\/cropped-logo-site-copie_Plan-de-travail-1-01.png","width":1238,"height":354,"caption":"Africa Infrastructure Foum"},"image":{"@id":"https:\/\/africaiforum.com\/#\/schema\/logo\/image\/"}}]}},"_links":{"self":[{"href":"https:\/\/africaiforum.com\/en\/wp-json\/wp\/v2\/pages\/1466","targetHints":{"allow":["GET"]}}],"collection":[{"href":"https:\/\/africaiforum.com\/en\/wp-json\/wp\/v2\/pages"}],"about":[{"href":"https:\/\/africaiforum.com\/en\/wp-json\/wp\/v2\/types\/page"}],"author":[{"embeddable":true,"href":"https:\/\/africaiforum.com\/en\/wp-json\/wp\/v2\/users\/1"}],"replies":[{"embeddable":true,"href":"https:\/\/africaiforum.com\/en\/wp-json\/wp\/v2\/comments?post=1466"}],"version-history":[{"count":22,"href":"https:\/\/africaiforum.com\/en\/wp-json\/wp\/v2\/pages\/1466\/revisions"}],"predecessor-version":[{"id":3106,"href":"https:\/\/africaiforum.com\/en\/wp-json\/wp\/v2\/pages\/1466\/revisions\/3106"}],"wp:attachment":[{"href":"https:\/\/africaiforum.com\/en\/wp-json\/wp\/v2\/media?parent=1466"}],"curies":[{"name":"wp","href":"https:\/\/api.w.org\/{rel}","templated":true}]}}