{"id":724,"date":"2023-11-01T22:01:23","date_gmt":"2023-11-01T22:01:23","guid":{"rendered":"https:\/\/africaiforum.com\/?page_id=724"},"modified":"2026-02-12T16:14:20","modified_gmt":"2026-02-12T16:14:20","slug":"audiences-et-rencontres-btob","status":"publish","type":"page","link":"https:\/\/africaiforum.com\/en\/audiences-et-rencontres-btob\/","title":{"rendered":"Audiences and BtoB meetings"},"content":{"rendered":"<div data-elementor-type=\"wp-page\" data-elementor-id=\"724\" class=\"elementor elementor-724\" data-elementor-post-type=\"page\">\n\t\t\t\t\t\t<section data-particle_enable=\"false\" data-particle-mobile-disabled=\"false\" class=\"elementor-section elementor-top-section elementor-element elementor-element-4ecdd3f elementor-section-boxed elementor-section-height-default elementor-section-height-default\" data-id=\"4ecdd3f\" data-element_type=\"section\" data-e-type=\"section\" data-settings=\"{&quot;background_background&quot;:&quot;classic&quot;}\">\n\t\t\t\t\t\t<div class=\"elementor-container elementor-column-gap-default\">\n\t\t\t\t\t<div class=\"elementor-column elementor-col-50 elementor-top-column elementor-element elementor-element-a686104\" data-id=\"a686104\" data-element_type=\"column\" data-e-type=\"column\">\n\t\t\t<div class=\"elementor-widget-wrap elementor-element-populated\">\n\t\t\t\t\t\t\t<\/div>\n\t\t<\/div>\n\t\t\t\t<div class=\"elementor-column elementor-col-50 elementor-top-column elementor-element elementor-element-535ec98 elementor-hidden-mobile\" data-id=\"535ec98\" data-element_type=\"column\" data-e-type=\"column\">\n\t\t\t<div class=\"elementor-widget-wrap elementor-element-populated\">\n\t\t\t\t\t\t<div class=\"elementor-element elementor-element-87c5f65 elementor-align-right elementor-widget elementor-widget-breadcrumbs\" data-id=\"87c5f65\" data-element_type=\"widget\" data-e-type=\"widget\" data-widget_type=\"breadcrumbs.default\">\n\t\t\t\t<div class=\"elementor-widget-container\">\n\t\t\t\t\t<p id=\"breadcrumbs\"><span><span><a href=\"https:\/\/africaiforum.com\/en\/\">Home<\/a><\/span><\/span><\/p>\t\t\t\t<\/div>\n\t\t\t\t<\/div>\n\t\t\t\t\t<\/div>\n\t\t<\/div>\n\t\t\t\t\t<\/div>\n\t\t<\/section>\n\t\t\t\t<section data-particle_enable=\"false\" data-particle-mobile-disabled=\"false\" class=\"elementor-section elementor-top-section elementor-element elementor-element-af4ee01 elementor-section-boxed elementor-section-height-default elementor-section-height-default\" data-id=\"af4ee01\" data-element_type=\"section\" data-e-type=\"section\">\n\t\t\t\t\t\t<div class=\"elementor-container elementor-column-gap-default\">\n\t\t\t\t\t<div class=\"elementor-column elementor-col-50 elementor-top-column elementor-element elementor-element-5ed8788\" data-id=\"5ed8788\" data-element_type=\"column\" data-e-type=\"column\">\n\t\t\t<div class=\"elementor-widget-wrap elementor-element-populated\">\n\t\t\t\t\t\t<div class=\"elementor-element elementor-element-e11f9ce elementor-widget elementor-widget-text-editor\" data-id=\"e11f9ce\" data-element_type=\"widget\" data-e-type=\"widget\" data-widget_type=\"text-editor.default\">\n\t\t\t\t<div class=\"elementor-widget-container\">\n\t\t\t\t\t\t\t\t\t<p>The Africa Infrastructure Forum offers a diverse range of audiences, including government representatives, business leaders, investors, experts and professionals from Africa's infrastructure sector. B2B meetings are organised to encourage exchanges between participants, enabling them to forge fruitful partnerships, explore business opportunities and discuss specific projects. These interactions are essential for the development of professional relationships and the materialisation of strategic collaborations.<\/p>\t\t\t\t\t\t\t\t<\/div>\n\t\t\t\t<\/div>\n\t\t\t\t<div class=\"elementor-element elementor-element-1af27ea elementor-widget elementor-widget-heading\" data-id=\"1af27ea\" data-element_type=\"widget\" data-e-type=\"widget\" data-widget_type=\"heading.default\">\n\t\t\t\t<div class=\"elementor-widget-container\">\n\t\t\t\t\t<h2 class=\"elementor-heading-title elementor-size-default\">Principles of business meetings<\/h2>\t\t\t\t<\/div>\n\t\t\t\t<\/div>\n\t\t\t\t<div class=\"elementor-element elementor-element-23013ae elementor-widget elementor-widget-text-editor\" data-id=\"23013ae\" data-element_type=\"widget\" data-e-type=\"widget\" data-widget_type=\"text-editor.default\">\n\t\t\t\t<div class=\"elementor-widget-container\">\n\t\t\t\t\t\t\t\t\t<p><span style=\"box-sizing: inherit; -webkit-font-smoothing: antialiased; margin: 0px; padding: 0px; border: 0px; font-variant-numeric: inherit; font-variant-east-asian: inherit; font-weight: bold; font-stretch: inherit; font-size: 15px; line-height: inherit; font-family: Raleway, Helvetica, Arial, sans-serif; vertical-align: baseline; color: #626262;\">B to B meetings :<\/span>\u00a0These meetings are open to all potential investors or partners wishing to find out about existing business opportunities and to project leaders.<\/p>\t\t\t\t\t\t\t\t<\/div>\n\t\t\t\t<\/div>\n\t\t\t\t<section data-particle_enable=\"false\" data-particle-mobile-disabled=\"false\" class=\"elementor-section elementor-inner-section elementor-element elementor-element-1e47ee4 elementor-section-boxed elementor-section-height-default elementor-section-height-default\" data-id=\"1e47ee4\" data-element_type=\"section\" data-e-type=\"section\">\n\t\t\t\t\t\t<div class=\"elementor-container elementor-column-gap-default\">\n\t\t\t\t\t<div class=\"elementor-column elementor-col-100 elementor-inner-column elementor-element elementor-element-0d7984e\" data-id=\"0d7984e\" data-element_type=\"column\" data-e-type=\"column\">\n\t\t\t<div class=\"elementor-widget-wrap elementor-element-populated\">\n\t\t\t\t\t\t<div class=\"elementor-element elementor-element-1df38693 elementor-align-center elementor-widget__width-initial elementor-widget elementor-widget-button\" data-id=\"1df38693\" data-element_type=\"widget\" data-e-type=\"widget\" data-widget_type=\"button.default\">\n\t\t\t\t<div class=\"elementor-widget-container\">\n\t\t\t\t\t\t\t\t\t<div class=\"elementor-button-wrapper\">\n\t\t\t\t\t<a class=\"elementor-button elementor-button-link elementor-size-sm\" href=\"https:\/\/africaiforum.com\/en\/formulaire-de-participation\/\">\n\t\t\t\t\t\t<span class=\"elementor-button-content-wrapper\">\n\t\t\t\t\t\t\t\t\t<span class=\"elementor-button-text\">Register online<\/span>\n\t\t\t\t\t<\/span>\n\t\t\t\t\t<\/a>\n\t\t\t\t<\/div>\n\t\t\t\t\t\t\t\t<\/div>\n\t\t\t\t<\/div>\n\t\t\t\t\t<\/div>\n\t\t<\/div>\n\t\t\t\t\t<\/div>\n\t\t<\/section>\n\t\t\t\t\t<\/div>\n\t\t<\/div>\n\t\t\t\t<div class=\"elementor-column elementor-col-50 elementor-top-column elementor-element elementor-element-b5b366f\" data-id=\"b5b366f\" data-element_type=\"column\" data-e-type=\"column\">\n\t\t\t<div class=\"elementor-widget-wrap elementor-element-populated\">\n\t\t\t\t\t\t<div class=\"elementor-element elementor-element-27667c5 elementor-widget elementor-widget-image\" data-id=\"27667c5\" data-element_type=\"widget\" data-e-type=\"widget\" data-widget_type=\"image.default\">\n\t\t\t\t<div class=\"elementor-widget-container\">\n\t\t\t\t\t\t\t\t\t\t\t\t\t\t\t<img fetchpriority=\"high\" decoding=\"async\" width=\"800\" height=\"534\" src=\"https:\/\/africaiforum.com\/wp-content\/uploads\/2023\/07\/Rencontre-B2B-1024x683.jpg\" class=\"attachment-large size-large wp-image-1504\" alt=\"\" srcset=\"https:\/\/africaiforum.com\/wp-content\/uploads\/2023\/07\/Rencontre-B2B-1024x683.jpg 1024w, https:\/\/africaiforum.com\/wp-content\/uploads\/2023\/07\/Rencontre-B2B-300x200.jpg 300w, https:\/\/africaiforum.com\/wp-content\/uploads\/2023\/07\/Rencontre-B2B-768x512.jpg 768w, https:\/\/africaiforum.com\/wp-content\/uploads\/2023\/07\/Rencontre-B2B-18x12.jpg 18w, https:\/\/africaiforum.com\/wp-content\/uploads\/2023\/07\/Rencontre-B2B.jpg 1032w\" sizes=\"(max-width: 800px) 100vw, 800px\" \/>\t\t\t\t\t\t\t\t\t\t\t\t\t\t\t<\/div>\n\t\t\t\t<\/div>\n\t\t\t\t\t<\/div>\n\t\t<\/div>\n\t\t\t\t\t<\/div>\n\t\t<\/section>\n\t\t\t\t<\/div>","protected":false},"excerpt":{"rendered":"<p>L&rsquo;Africa Infrastructure Forum offre des audiences diverses, comprenant des repr\u00e9sentants gouvernementaux, des chefs d&rsquo;entreprise, des investisseurs, des experts et des professionnels du secteur des infrastructures en Afrique. Les rencontres B2B sont organis\u00e9es pour favoriser les \u00e9changes entre les participants, leur permettant de nouer des partenariats fructueux, d&rsquo;explorer des opportunit\u00e9s d&rsquo;affaires et de discuter de projets [&hellip;]<\/p>","protected":false},"author":1,"featured_media":0,"parent":0,"menu_order":0,"comment_status":"closed","ping_status":"closed","template":"","meta":{"footnotes":""},"class_list":["post-724","page","type-page","status-publish","hentry"],"yoast_head":"<!-- This site is optimized with the Yoast SEO plugin v26.9 - https:\/\/yoast.com\/product\/yoast-seo-wordpress\/ -->\n<title>Audiences et Rencontres BtoB - Africa Infrastructure Forum<\/title>\n<meta name=\"description\" content=\"Rejoignez les d\u00e9cideurs africains et les leaders du secteur financier lors de l&#039;AFRICA INFRASTRUCTURE FORUM 2023. Ce forum de premier plan rassemble plus de 1800 participants, dont 300 PDG africains, 100 banquiers et financiers, et 200 personnalit\u00e9s influentes. Explorez les opportunit\u00e9s de d\u00e9veloppement \u00e9conomique des infrastructures, de l&#039;habitat et de l&#039;immobilier en Afrique. Ne manquez pas cette plateforme unique de connexions entre d\u00e9cideurs africains, investisseurs internationaux et institutions de financement des infrastructures sur le continent.\" \/>\n<meta name=\"robots\" content=\"index, follow, max-snippet:-1, max-image-preview:large, max-video-preview:-1\" \/>\n<link rel=\"canonical\" href=\"https:\/\/africaiforum.com\/en\/audiences-et-rencontres-btob\/\" \/>\n<meta property=\"og:locale\" content=\"en_GB\" \/>\n<meta property=\"og:type\" content=\"article\" \/>\n<meta property=\"og:title\" content=\"Audiences et Rencontres BtoB - Africa Infrastructure Forum\" \/>\n<meta property=\"og:description\" content=\"Rejoignez les d\u00e9cideurs africains et les leaders du secteur financier lors de l&#039;AFRICA INFRASTRUCTURE FORUM 2023. Ce forum de premier plan rassemble plus de 1800 participants, dont 300 PDG africains, 100 banquiers et financiers, et 200 personnalit\u00e9s influentes. Explorez les opportunit\u00e9s de d\u00e9veloppement \u00e9conomique des infrastructures, de l&#039;habitat et de l&#039;immobilier en Afrique. Ne manquez pas cette plateforme unique de connexions entre d\u00e9cideurs africains, investisseurs internationaux et institutions de financement des infrastructures sur le continent.\" \/>\n<meta property=\"og:url\" content=\"https:\/\/africaiforum.com\/en\/audiences-et-rencontres-btob\/\" \/>\n<meta property=\"og:site_name\" content=\"Africa Infrastructure Forum\" \/>\n<meta property=\"article:modified_time\" content=\"2026-02-12T16:14:20+00:00\" \/>\n<meta property=\"og:image\" content=\"https:\/\/africaiforum.com\/wp-content\/uploads\/2023\/07\/Rencontre-B2B.jpg\" \/>\n\t<meta property=\"og:image:width\" content=\"1032\" \/>\n\t<meta property=\"og:image:height\" content=\"688\" \/>\n\t<meta property=\"og:image:type\" content=\"image\/jpeg\" \/>\n<meta name=\"twitter:card\" content=\"summary_large_image\" \/>\n<meta name=\"twitter:label1\" content=\"Estimated reading time\" \/>\n\t<meta name=\"twitter:data1\" content=\"1 minute\" \/>\n<script type=\"application\/ld+json\" class=\"yoast-schema-graph\">{\"@context\":\"https:\/\/schema.org\",\"@graph\":[{\"@type\":\"WebPage\",\"@id\":\"https:\/\/africaiforum.com\/audiences-et-rencontres-btob\/\",\"url\":\"https:\/\/africaiforum.com\/audiences-et-rencontres-btob\/\",\"name\":\"Audiences et Rencontres BtoB - Africa Infrastructure Forum\",\"isPartOf\":{\"@id\":\"https:\/\/africaiforum.com\/#website\"},\"primaryImageOfPage\":{\"@id\":\"https:\/\/africaiforum.com\/audiences-et-rencontres-btob\/#primaryimage\"},\"image\":{\"@id\":\"https:\/\/africaiforum.com\/audiences-et-rencontres-btob\/#primaryimage\"},\"thumbnailUrl\":\"https:\/\/africaiforum.com\/wp-content\/uploads\/2023\/07\/Rencontre-B2B-1024x683.jpg\",\"datePublished\":\"2023-11-01T22:01:23+00:00\",\"dateModified\":\"2026-02-12T16:14:20+00:00\",\"description\":\"Rejoignez les d\u00e9cideurs africains et les leaders du secteur financier lors de l'AFRICA INFRASTRUCTURE FORUM 2023. Ce forum de premier plan rassemble plus de 1800 participants, dont 300 PDG africains, 100 banquiers et financiers, et 200 personnalit\u00e9s influentes. Explorez les opportunit\u00e9s de d\u00e9veloppement \u00e9conomique des infrastructures, de l'habitat et de l'immobilier en Afrique. Ne manquez pas cette plateforme unique de connexions entre d\u00e9cideurs africains, investisseurs internationaux et institutions de financement des infrastructures sur le continent.\",\"breadcrumb\":{\"@id\":\"https:\/\/africaiforum.com\/audiences-et-rencontres-btob\/#breadcrumb\"},\"inLanguage\":\"en-GB\",\"potentialAction\":[{\"@type\":\"ReadAction\",\"target\":[\"https:\/\/africaiforum.com\/audiences-et-rencontres-btob\/\"]}]},{\"@type\":\"ImageObject\",\"inLanguage\":\"en-GB\",\"@id\":\"https:\/\/africaiforum.com\/audiences-et-rencontres-btob\/#primaryimage\",\"url\":\"https:\/\/africaiforum.com\/wp-content\/uploads\/2023\/07\/Rencontre-B2B-1024x683.jpg\",\"contentUrl\":\"https:\/\/africaiforum.com\/wp-content\/uploads\/2023\/07\/Rencontre-B2B-1024x683.jpg\"},{\"@type\":\"BreadcrumbList\",\"@id\":\"https:\/\/africaiforum.com\/audiences-et-rencontres-btob\/#breadcrumb\",\"itemListElement\":[{\"@type\":\"ListItem\",\"position\":1,\"name\":\"Accueil\",\"item\":\"https:\/\/africaiforum.com\/\"},{\"@type\":\"ListItem\",\"position\":2,\"name\":\"Audiences et Rencontres BtoB\"}]},{\"@type\":\"WebSite\",\"@id\":\"https:\/\/africaiforum.com\/#website\",\"url\":\"https:\/\/africaiforum.com\/\",\"name\":\"Africa Infrastructure Forum\",\"description\":\"Africa Infrastructure Forum est le rendez-vous de r\u00e9f\u00e9rence des responsables les plus influents du financement des infrastructures en Afrique et des dirigeants des grandes entreprises africaines\",\"publisher\":{\"@id\":\"https:\/\/africaiforum.com\/#organization\"},\"potentialAction\":[{\"@type\":\"SearchAction\",\"target\":{\"@type\":\"EntryPoint\",\"urlTemplate\":\"https:\/\/africaiforum.com\/?s={search_term_string}\"},\"query-input\":{\"@type\":\"PropertyValueSpecification\",\"valueRequired\":true,\"valueName\":\"search_term_string\"}}],\"inLanguage\":\"en-GB\"},{\"@type\":\"Organization\",\"@id\":\"https:\/\/africaiforum.com\/#organization\",\"name\":\"Africa Infrastructure Foum\",\"url\":\"https:\/\/africaiforum.com\/\",\"logo\":{\"@type\":\"ImageObject\",\"inLanguage\":\"en-GB\",\"@id\":\"https:\/\/africaiforum.com\/#\/schema\/logo\/image\/\",\"url\":\"https:\/\/africaiforum.com\/wp-content\/uploads\/2026\/02\/cropped-logo-site-copie_Plan-de-travail-1-01.png\",\"contentUrl\":\"https:\/\/africaiforum.com\/wp-content\/uploads\/2026\/02\/cropped-logo-site-copie_Plan-de-travail-1-01.png\",\"width\":1238,\"height\":354,\"caption\":\"Africa Infrastructure Foum\"},\"image\":{\"@id\":\"https:\/\/africaiforum.com\/#\/schema\/logo\/image\/\"}}]}<\/script>\n<!-- \/ Yoast SEO plugin. -->","yoast_head_json":{"title":"Audiences et Rencontres BtoB - Africa Infrastructure Forum","description":"Rejoignez les d\u00e9cideurs africains et les leaders du secteur financier lors de l'AFRICA INFRASTRUCTURE FORUM 2023. Ce forum de premier plan rassemble plus de 1800 participants, dont 300 PDG africains, 100 banquiers et financiers, et 200 personnalit\u00e9s influentes. Explorez les opportunit\u00e9s de d\u00e9veloppement \u00e9conomique des infrastructures, de l'habitat et de l'immobilier en Afrique. Ne manquez pas cette plateforme unique de connexions entre d\u00e9cideurs africains, investisseurs internationaux et institutions de financement des infrastructures sur le continent.","robots":{"index":"index","follow":"follow","max-snippet":"max-snippet:-1","max-image-preview":"max-image-preview:large","max-video-preview":"max-video-preview:-1"},"canonical":"https:\/\/africaiforum.com\/en\/audiences-et-rencontres-btob\/","og_locale":"en_GB","og_type":"article","og_title":"Audiences et Rencontres BtoB - Africa Infrastructure Forum","og_description":"Rejoignez les d\u00e9cideurs africains et les leaders du secteur financier lors de l'AFRICA INFRASTRUCTURE FORUM 2023. Ce forum de premier plan rassemble plus de 1800 participants, dont 300 PDG africains, 100 banquiers et financiers, et 200 personnalit\u00e9s influentes. Explorez les opportunit\u00e9s de d\u00e9veloppement \u00e9conomique des infrastructures, de l'habitat et de l'immobilier en Afrique. Ne manquez pas cette plateforme unique de connexions entre d\u00e9cideurs africains, investisseurs internationaux et institutions de financement des infrastructures sur le continent.","og_url":"https:\/\/africaiforum.com\/en\/audiences-et-rencontres-btob\/","og_site_name":"Africa Infrastructure Forum","article_modified_time":"2026-02-12T16:14:20+00:00","og_image":[{"width":1032,"height":688,"url":"https:\/\/africaiforum.com\/wp-content\/uploads\/2023\/07\/Rencontre-B2B.jpg","type":"image\/jpeg"}],"twitter_card":"summary_large_image","twitter_misc":{"Estimated reading time":"1 minute"},"schema":{"@context":"https:\/\/schema.org","@graph":[{"@type":"WebPage","@id":"https:\/\/africaiforum.com\/audiences-et-rencontres-btob\/","url":"https:\/\/africaiforum.com\/audiences-et-rencontres-btob\/","name":"Audiences et Rencontres BtoB - Africa Infrastructure Forum","isPartOf":{"@id":"https:\/\/africaiforum.com\/#website"},"primaryImageOfPage":{"@id":"https:\/\/africaiforum.com\/audiences-et-rencontres-btob\/#primaryimage"},"image":{"@id":"https:\/\/africaiforum.com\/audiences-et-rencontres-btob\/#primaryimage"},"thumbnailUrl":"https:\/\/africaiforum.com\/wp-content\/uploads\/2023\/07\/Rencontre-B2B-1024x683.jpg","datePublished":"2023-11-01T22:01:23+00:00","dateModified":"2026-02-12T16:14:20+00:00","description":"Rejoignez les d\u00e9cideurs africains et les leaders du secteur financier lors de l'AFRICA INFRASTRUCTURE FORUM 2023. Ce forum de premier plan rassemble plus de 1800 participants, dont 300 PDG africains, 100 banquiers et financiers, et 200 personnalit\u00e9s influentes. Explorez les opportunit\u00e9s de d\u00e9veloppement \u00e9conomique des infrastructures, de l'habitat et de l'immobilier en Afrique. Ne manquez pas cette plateforme unique de connexions entre d\u00e9cideurs africains, investisseurs internationaux et institutions de financement des infrastructures sur le continent.","breadcrumb":{"@id":"https:\/\/africaiforum.com\/audiences-et-rencontres-btob\/#breadcrumb"},"inLanguage":"en-GB","potentialAction":[{"@type":"ReadAction","target":["https:\/\/africaiforum.com\/audiences-et-rencontres-btob\/"]}]},{"@type":"ImageObject","inLanguage":"en-GB","@id":"https:\/\/africaiforum.com\/audiences-et-rencontres-btob\/#primaryimage","url":"https:\/\/africaiforum.com\/wp-content\/uploads\/2023\/07\/Rencontre-B2B-1024x683.jpg","contentUrl":"https:\/\/africaiforum.com\/wp-content\/uploads\/2023\/07\/Rencontre-B2B-1024x683.jpg"},{"@type":"BreadcrumbList","@id":"https:\/\/africaiforum.com\/audiences-et-rencontres-btob\/#breadcrumb","itemListElement":[{"@type":"ListItem","position":1,"name":"Accueil","item":"https:\/\/africaiforum.com\/"},{"@type":"ListItem","position":2,"name":"Audiences et Rencontres BtoB"}]},{"@type":"WebSite","@id":"https:\/\/africaiforum.com\/#website","url":"https:\/\/africaiforum.com\/","name":"Africa Infrastructure Forum","description":"Africa Infrastructure Forum est le rendez-vous de r\u00e9f\u00e9rence des responsables les plus influents du financement des infrastructures en Afrique et des dirigeants des grandes entreprises africaines","publisher":{"@id":"https:\/\/africaiforum.com\/#organization"},"potentialAction":[{"@type":"SearchAction","target":{"@type":"EntryPoint","urlTemplate":"https:\/\/africaiforum.com\/?s={search_term_string}"},"query-input":{"@type":"PropertyValueSpecification","valueRequired":true,"valueName":"search_term_string"}}],"inLanguage":"en-GB"},{"@type":"Organization","@id":"https:\/\/africaiforum.com\/#organization","name":"Africa Infrastructure Foum","url":"https:\/\/africaiforum.com\/","logo":{"@type":"ImageObject","inLanguage":"en-GB","@id":"https:\/\/africaiforum.com\/#\/schema\/logo\/image\/","url":"https:\/\/africaiforum.com\/wp-content\/uploads\/2026\/02\/cropped-logo-site-copie_Plan-de-travail-1-01.png","contentUrl":"https:\/\/africaiforum.com\/wp-content\/uploads\/2026\/02\/cropped-logo-site-copie_Plan-de-travail-1-01.png","width":1238,"height":354,"caption":"Africa Infrastructure Foum"},"image":{"@id":"https:\/\/africaiforum.com\/#\/schema\/logo\/image\/"}}]}},"_links":{"self":[{"href":"https:\/\/africaiforum.com\/en\/wp-json\/wp\/v2\/pages\/724","targetHints":{"allow":["GET"]}}],"collection":[{"href":"https:\/\/africaiforum.com\/en\/wp-json\/wp\/v2\/pages"}],"about":[{"href":"https:\/\/africaiforum.com\/en\/wp-json\/wp\/v2\/types\/page"}],"author":[{"embeddable":true,"href":"https:\/\/africaiforum.com\/en\/wp-json\/wp\/v2\/users\/1"}],"replies":[{"embeddable":true,"href":"https:\/\/africaiforum.com\/en\/wp-json\/wp\/v2\/comments?post=724"}],"version-history":[{"count":58,"href":"https:\/\/africaiforum.com\/en\/wp-json\/wp\/v2\/pages\/724\/revisions"}],"predecessor-version":[{"id":3103,"href":"https:\/\/africaiforum.com\/en\/wp-json\/wp\/v2\/pages\/724\/revisions\/3103"}],"wp:attachment":[{"href":"https:\/\/africaiforum.com\/en\/wp-json\/wp\/v2\/media?parent=724"}],"curies":[{"name":"wp","href":"https:\/\/api.w.org\/{rel}","templated":true}]}}