{"id":734,"date":"2023-11-01T22:06:19","date_gmt":"2023-11-01T22:06:19","guid":{"rendered":"https:\/\/africaiforum.com\/?page_id=734"},"modified":"2026-02-12T16:26:52","modified_gmt":"2026-02-12T16:26:52","slug":"actualites","status":"publish","type":"page","link":"https:\/\/africaiforum.com\/en\/actualites\/","title":{"rendered":"News"},"content":{"rendered":"<div data-elementor-type=\"wp-page\" data-elementor-id=\"734\" class=\"elementor elementor-734\" data-elementor-post-type=\"page\">\n\t\t\t\t\t\t<section data-particle_enable=\"false\" data-particle-mobile-disabled=\"false\" class=\"elementor-section elementor-top-section elementor-element elementor-element-4ecdd3f elementor-section-boxed elementor-section-height-default elementor-section-height-default\" data-id=\"4ecdd3f\" data-element_type=\"section\" data-e-type=\"section\" data-settings=\"{&quot;background_background&quot;:&quot;classic&quot;}\">\n\t\t\t\t\t\t<div class=\"elementor-container elementor-column-gap-default\">\n\t\t\t\t\t<div class=\"elementor-column elementor-col-50 elementor-top-column elementor-element elementor-element-a686104\" data-id=\"a686104\" data-element_type=\"column\" data-e-type=\"column\">\n\t\t\t<div class=\"elementor-widget-wrap elementor-element-populated\">\n\t\t\t\t\t\t\t<\/div>\n\t\t<\/div>\n\t\t\t\t<div class=\"elementor-column elementor-col-50 elementor-top-column elementor-element elementor-element-535ec98 elementor-hidden-mobile\" data-id=\"535ec98\" data-element_type=\"column\" data-e-type=\"column\">\n\t\t\t<div class=\"elementor-widget-wrap elementor-element-populated\">\n\t\t\t\t\t\t<div class=\"elementor-element elementor-element-87c5f65 elementor-align-right elementor-widget elementor-widget-breadcrumbs\" data-id=\"87c5f65\" data-element_type=\"widget\" data-e-type=\"widget\" data-widget_type=\"breadcrumbs.default\">\n\t\t\t\t<div class=\"elementor-widget-container\">\n\t\t\t\t\t<p id=\"breadcrumbs\"><span><span><a href=\"https:\/\/africaiforum.com\/en\/\">Home<\/a><\/span><\/span><\/p>\t\t\t\t<\/div>\n\t\t\t\t<\/div>\n\t\t\t\t\t<\/div>\n\t\t<\/div>\n\t\t\t\t\t<\/div>\n\t\t<\/section>\n\t\t\t\t<section data-particle_enable=\"false\" data-particle-mobile-disabled=\"false\" class=\"elementor-section elementor-top-section elementor-element elementor-element-21e9aa7 elementor-section-boxed elementor-section-height-default elementor-section-height-default\" data-id=\"21e9aa7\" data-element_type=\"section\" data-e-type=\"section\">\n\t\t\t\t\t\t<div class=\"elementor-container elementor-column-gap-default\">\n\t\t\t\t\t<div class=\"elementor-column elementor-col-100 elementor-top-column elementor-element elementor-element-92b5ac4\" data-id=\"92b5ac4\" data-element_type=\"column\" data-e-type=\"column\">\n\t\t\t<div class=\"elementor-widget-wrap elementor-element-populated\">\n\t\t\t\t\t\t<div class=\"elementor-element elementor-element-d011a42 elementor-grid-eael-col-3 elementor-grid-tablet-eael-col-2 elementor-grid-mobile-eael-col-1 elementor-widget elementor-widget-eael-post-grid\" data-id=\"d011a42\" data-element_type=\"widget\" data-e-type=\"widget\" data-settings=\"{&quot;eael_post_grid_columns&quot;:&quot;eael-col-3&quot;,&quot;eael_post_grid_columns_tablet&quot;:&quot;eael-col-2&quot;,&quot;eael_post_grid_columns_mobile&quot;:&quot;eael-col-1&quot;}\" data-widget_type=\"eael-post-grid.default\">\n\t\t\t\t<div class=\"elementor-widget-container\">\n\t\t\t\t\t<div id=\"eael-post-grid-d011a42\" class=\"eael-post-grid-container\">\n            <div class=\"eael-post-grid eael-post-appender eael-post-appender-d011a42 eael-post-grid-style-one\" data-layout-mode=\"masonry\"><article class=\"eael-grid-post  eael-post-grid-column eael-pg-post-1946 category-actualite\" data-id=\"1946\">\n        <div class=\"eael-grid-post-holder\">\n            <div class=\"eael-grid-post-holder-inner\"><div class=\"eael-entry-media\"><div class=\"eael-entry-overlay fade-in\"><i class=\"fas fa-link\" aria-hidden=\"true\"><\/i><a href=\"https:\/\/africaiforum.com\/en\/le-role-essentiel-du-secteur-prive-dans-le-financement-des-infrastructures-africaines\/\"><\/a><\/div><div class=\"eael-entry-thumbnail\">\n                <img fetchpriority=\"high\" decoding=\"async\" width=\"1200\" height=\"800\" src=\"https:\/\/africaiforum.com\/wp-content\/uploads\/2023\/08\/aif-ifrastructure-5.jpg\" class=\"attachment-full size-full wp-image-1948\" alt=\"\" srcset=\"https:\/\/africaiforum.com\/wp-content\/uploads\/2023\/08\/aif-ifrastructure-5.jpg 1200w, https:\/\/africaiforum.com\/wp-content\/uploads\/2023\/08\/aif-ifrastructure-5-300x200.jpg 300w, https:\/\/africaiforum.com\/wp-content\/uploads\/2023\/08\/aif-ifrastructure-5-1024x683.jpg 1024w, https:\/\/africaiforum.com\/wp-content\/uploads\/2023\/08\/aif-ifrastructure-5-768x512.jpg 768w, https:\/\/africaiforum.com\/wp-content\/uploads\/2023\/08\/aif-ifrastructure-5-18x12.jpg 18w\" sizes=\"(max-width: 1200px) 100vw, 1200px\" \/>\n            <\/div>\n        <\/div><div class=\"eael-entry-wrapper\"><header class=\"eael-entry-header\"><h2 class=\"eael-entry-title\"><a class=\"eael-grid-post-link\" href=\"https:\/\/africaiforum.com\/en\/le-role-essentiel-du-secteur-prive-dans-le-financement-des-infrastructures-africaines\/\" title=\"Le R\u00f4le Essentiel du Secteur Priv\u00e9 dans le Financement des Infrastructures Africaines\">Le R\u00f4le Essentiel du Secteur Priv\u00e9 dans le Financement des Infrastructures Africaines<\/a><\/h2><\/header><div class=\"eael-entry-content\">\n                        <div class=\"eael-grid-post-excerpt\"><p>Actuellement, le financement des infrastructures africaines provient essentiellement de quatre...<\/p><a href=\"https:\/\/africaiforum.com\/en\/le-role-essentiel-du-secteur-prive-dans-le-financement-des-infrastructures-africaines\/\" class=\"eael-post-elements-readmore-btn\">Lire la suite<\/a><\/div>\n                    <\/div><\/div><\/div>\n        <\/div>\n    <\/article><article class=\"eael-grid-post  eael-post-grid-column eael-pg-post-1943 category-actualite\" data-id=\"1943\">\n        <div class=\"eael-grid-post-holder\">\n            <div class=\"eael-grid-post-holder-inner\"><div class=\"eael-entry-media\"><div class=\"eael-entry-overlay fade-in\"><i class=\"fas fa-link\" aria-hidden=\"true\"><\/i><a href=\"https:\/\/africaiforum.com\/en\/infrastructures-pour-lintegration-regionale\/\"><\/a><\/div><div class=\"eael-entry-thumbnail\">\n                <img decoding=\"async\" width=\"1200\" height=\"799\" src=\"https:\/\/africaiforum.com\/wp-content\/uploads\/2023\/08\/aif-ifrastructure-4.jpg\" class=\"attachment-full size-full wp-image-1944\" alt=\"\" srcset=\"https:\/\/africaiforum.com\/wp-content\/uploads\/2023\/08\/aif-ifrastructure-4.jpg 1200w, https:\/\/africaiforum.com\/wp-content\/uploads\/2023\/08\/aif-ifrastructure-4-300x200.jpg 300w, https:\/\/africaiforum.com\/wp-content\/uploads\/2023\/08\/aif-ifrastructure-4-1024x682.jpg 1024w, https:\/\/africaiforum.com\/wp-content\/uploads\/2023\/08\/aif-ifrastructure-4-768x511.jpg 768w, https:\/\/africaiforum.com\/wp-content\/uploads\/2023\/08\/aif-ifrastructure-4-18x12.jpg 18w\" sizes=\"(max-width: 1200px) 100vw, 1200px\" \/>\n            <\/div>\n        <\/div><div class=\"eael-entry-wrapper\"><header class=\"eael-entry-header\"><h2 class=\"eael-entry-title\"><a class=\"eael-grid-post-link\" href=\"https:\/\/africaiforum.com\/en\/infrastructures-pour-lintegration-regionale\/\" title=\"Infrastructures pour l\u2019int\u00e9gration r\u00e9gionale\">Infrastructures pour l\u2019int\u00e9gration r\u00e9gionale<\/a><\/h2><\/header><div class=\"eael-entry-content\">\n                        <div class=\"eael-grid-post-excerpt\"><p>Le continent africain est tr\u00e8s fragment\u00e9. Les 54 pays d\u2019Afrique...<\/p><a href=\"https:\/\/africaiforum.com\/en\/infrastructures-pour-lintegration-regionale\/\" class=\"eael-post-elements-readmore-btn\">Lire la suite<\/a><\/div>\n                    <\/div><\/div><\/div>\n        <\/div>\n    <\/article><article class=\"eael-grid-post  eael-post-grid-column eael-pg-post-1940 category-actualite\" data-id=\"1940\">\n        <div class=\"eael-grid-post-holder\">\n            <div class=\"eael-grid-post-holder-inner\"><div class=\"eael-entry-media\"><div class=\"eael-entry-overlay fade-in\"><i class=\"fas fa-link\" aria-hidden=\"true\"><\/i><a href=\"https:\/\/africaiforum.com\/en\/qui-finance-les-infrastructures-africaines\/\"><\/a><\/div><div class=\"eael-entry-thumbnail\">\n                <img decoding=\"async\" width=\"1200\" height=\"728\" src=\"https:\/\/africaiforum.com\/wp-content\/uploads\/2023\/08\/aif-ifrastructure-2.jpg\" class=\"attachment-full size-full wp-image-1941\" alt=\"\" srcset=\"https:\/\/africaiforum.com\/wp-content\/uploads\/2023\/08\/aif-ifrastructure-2.jpg 1200w, https:\/\/africaiforum.com\/wp-content\/uploads\/2023\/08\/aif-ifrastructure-2-300x182.jpg 300w, https:\/\/africaiforum.com\/wp-content\/uploads\/2023\/08\/aif-ifrastructure-2-1024x621.jpg 1024w, https:\/\/africaiforum.com\/wp-content\/uploads\/2023\/08\/aif-ifrastructure-2-768x466.jpg 768w, https:\/\/africaiforum.com\/wp-content\/uploads\/2023\/08\/aif-ifrastructure-2-18x12.jpg 18w\" sizes=\"(max-width: 1200px) 100vw, 1200px\" \/>\n            <\/div>\n        <\/div><div class=\"eael-entry-wrapper\"><header class=\"eael-entry-header\"><h2 class=\"eael-entry-title\"><a class=\"eael-grid-post-link\" href=\"https:\/\/africaiforum.com\/en\/qui-finance-les-infrastructures-africaines\/\" title=\"Qui finance les infrastructures africaines?\">Qui finance les infrastructures africaines?<\/a><\/h2><\/header><div class=\"eael-entry-content\">\n                        <div class=\"eael-grid-post-excerpt\"><p>Les engagements envers les op\u00e9rations d\u2019infrastructure en&nbsp;Afrique sont rest\u00e9s constants...<\/p><a href=\"https:\/\/africaiforum.com\/en\/qui-finance-les-infrastructures-africaines\/\" class=\"eael-post-elements-readmore-btn\">Lire la suite<\/a><\/div>\n                    <\/div><\/div><\/div>\n        <\/div>\n    <\/article><\/div>\n            <div class=\"clearfix\"><\/div>\n        <\/div>\t\t\t\t<\/div>\n\t\t\t\t<\/div>\n\t\t\t\t\t<\/div>\n\t\t<\/div>\n\t\t\t\t\t<\/div>\n\t\t<\/section>\n\t\t\t\t<\/div>","protected":false},"excerpt":{"rendered":"<p>Le R\u00f4le Essentiel du Secteur Priv\u00e9 dans le Financement des Infrastructures Africaines Actuellement, le financement des infrastructures africaines provient essentiellement de quatre&#8230; Lire la suite Infrastructures pour l\u2019int\u00e9gration r\u00e9gionale Le continent africain est tr\u00e8s fragment\u00e9. Les 54 pays d\u2019Afrique&#8230; Lire la suite Qui finance les infrastructures africaines? Les engagements envers les op\u00e9rations d\u2019infrastructure en&nbsp;Afrique sont [&hellip;]<\/p>","protected":false},"author":1,"featured_media":0,"parent":0,"menu_order":0,"comment_status":"closed","ping_status":"closed","template":"","meta":{"footnotes":""},"class_list":["post-734","page","type-page","status-publish","hentry"],"yoast_head":"<!-- This site is optimized with the Yoast SEO plugin v26.9 - https:\/\/yoast.com\/product\/yoast-seo-wordpress\/ -->\n<title>Actualit\u00e9s - Africa Infrastructure Forum<\/title>\n<meta name=\"description\" content=\"Rejoignez les d\u00e9cideurs africains et les leaders du secteur financier lors de l&#039;AFRICA INFRASTRUCTURE FORUM 2023. Ce forum de premier plan rassemble plus de 1800 participants, dont 300 PDG africains, 100 banquiers et financiers, et 200 personnalit\u00e9s influentes. Explorez les opportunit\u00e9s de d\u00e9veloppement \u00e9conomique des infrastructures, de l&#039;habitat et de l&#039;immobilier en Afrique. Ne manquez pas cette plateforme unique de connexions entre d\u00e9cideurs africains, investisseurs internationaux et institutions de financement des infrastructures sur le continent.\" \/>\n<meta name=\"robots\" content=\"index, follow, max-snippet:-1, max-image-preview:large, max-video-preview:-1\" \/>\n<link rel=\"canonical\" href=\"https:\/\/africaiforum.com\/en\/actualites\/\" \/>\n<meta property=\"og:locale\" content=\"en_GB\" \/>\n<meta property=\"og:type\" content=\"article\" \/>\n<meta property=\"og:title\" content=\"Actualit\u00e9s - Africa Infrastructure Forum\" \/>\n<meta property=\"og:description\" content=\"Rejoignez les d\u00e9cideurs africains et les leaders du secteur financier lors de l&#039;AFRICA INFRASTRUCTURE FORUM 2023. Ce forum de premier plan rassemble plus de 1800 participants, dont 300 PDG africains, 100 banquiers et financiers, et 200 personnalit\u00e9s influentes. Explorez les opportunit\u00e9s de d\u00e9veloppement \u00e9conomique des infrastructures, de l&#039;habitat et de l&#039;immobilier en Afrique. Ne manquez pas cette plateforme unique de connexions entre d\u00e9cideurs africains, investisseurs internationaux et institutions de financement des infrastructures sur le continent.\" \/>\n<meta property=\"og:url\" content=\"https:\/\/africaiforum.com\/en\/actualites\/\" \/>\n<meta property=\"og:site_name\" content=\"Africa Infrastructure Forum\" \/>\n<meta property=\"article:modified_time\" content=\"2026-02-12T16:26:52+00:00\" \/>\n<meta property=\"og:image\" content=\"https:\/\/africaiforum.com\/wp-content\/uploads\/2023\/08\/aif-ifrastructure-5.jpg\" \/>\n<meta name=\"twitter:card\" content=\"summary_large_image\" \/>\n<meta name=\"twitter:label1\" content=\"Estimated reading time\" \/>\n\t<meta name=\"twitter:data1\" content=\"1 minute\" \/>\n<script type=\"application\/ld+json\" class=\"yoast-schema-graph\">{\"@context\":\"https:\/\/schema.org\",\"@graph\":[{\"@type\":\"WebPage\",\"@id\":\"https:\/\/africaiforum.com\/actualites\/\",\"url\":\"https:\/\/africaiforum.com\/actualites\/\",\"name\":\"Actualit\u00e9s - Africa Infrastructure Forum\",\"isPartOf\":{\"@id\":\"https:\/\/africaiforum.com\/#website\"},\"primaryImageOfPage\":{\"@id\":\"https:\/\/africaiforum.com\/actualites\/#primaryimage\"},\"image\":{\"@id\":\"https:\/\/africaiforum.com\/actualites\/#primaryimage\"},\"thumbnailUrl\":\"https:\/\/africaiforum.com\/wp-content\/uploads\/2023\/08\/aif-ifrastructure-5.jpg\",\"datePublished\":\"2023-11-01T22:06:19+00:00\",\"dateModified\":\"2026-02-12T16:26:52+00:00\",\"description\":\"Rejoignez les d\u00e9cideurs africains et les leaders du secteur financier lors de l'AFRICA INFRASTRUCTURE FORUM 2023. Ce forum de premier plan rassemble plus de 1800 participants, dont 300 PDG africains, 100 banquiers et financiers, et 200 personnalit\u00e9s influentes. Explorez les opportunit\u00e9s de d\u00e9veloppement \u00e9conomique des infrastructures, de l'habitat et de l'immobilier en Afrique. Ne manquez pas cette plateforme unique de connexions entre d\u00e9cideurs africains, investisseurs internationaux et institutions de financement des infrastructures sur le continent.\",\"breadcrumb\":{\"@id\":\"https:\/\/africaiforum.com\/actualites\/#breadcrumb\"},\"inLanguage\":\"en-GB\",\"potentialAction\":[{\"@type\":\"ReadAction\",\"target\":[\"https:\/\/africaiforum.com\/actualites\/\"]}]},{\"@type\":\"ImageObject\",\"inLanguage\":\"en-GB\",\"@id\":\"https:\/\/africaiforum.com\/actualites\/#primaryimage\",\"url\":\"https:\/\/africaiforum.com\/wp-content\/uploads\/2023\/08\/aif-ifrastructure-5.jpg\",\"contentUrl\":\"https:\/\/africaiforum.com\/wp-content\/uploads\/2023\/08\/aif-ifrastructure-5.jpg\"},{\"@type\":\"BreadcrumbList\",\"@id\":\"https:\/\/africaiforum.com\/actualites\/#breadcrumb\",\"itemListElement\":[{\"@type\":\"ListItem\",\"position\":1,\"name\":\"Accueil\",\"item\":\"https:\/\/africaiforum.com\/\"},{\"@type\":\"ListItem\",\"position\":2,\"name\":\"Actualit\u00e9s\"}]},{\"@type\":\"WebSite\",\"@id\":\"https:\/\/africaiforum.com\/#website\",\"url\":\"https:\/\/africaiforum.com\/\",\"name\":\"Africa Infrastructure Forum\",\"description\":\"Africa Infrastructure Forum est le rendez-vous de r\u00e9f\u00e9rence des responsables les plus influents du financement des infrastructures en Afrique et des dirigeants des grandes entreprises africaines\",\"publisher\":{\"@id\":\"https:\/\/africaiforum.com\/#organization\"},\"potentialAction\":[{\"@type\":\"SearchAction\",\"target\":{\"@type\":\"EntryPoint\",\"urlTemplate\":\"https:\/\/africaiforum.com\/?s={search_term_string}\"},\"query-input\":{\"@type\":\"PropertyValueSpecification\",\"valueRequired\":true,\"valueName\":\"search_term_string\"}}],\"inLanguage\":\"en-GB\"},{\"@type\":\"Organization\",\"@id\":\"https:\/\/africaiforum.com\/#organization\",\"name\":\"Africa Infrastructure Foum\",\"url\":\"https:\/\/africaiforum.com\/\",\"logo\":{\"@type\":\"ImageObject\",\"inLanguage\":\"en-GB\",\"@id\":\"https:\/\/africaiforum.com\/#\/schema\/logo\/image\/\",\"url\":\"https:\/\/africaiforum.com\/wp-content\/uploads\/2026\/02\/cropped-logo-site-copie_Plan-de-travail-1-01.png\",\"contentUrl\":\"https:\/\/africaiforum.com\/wp-content\/uploads\/2026\/02\/cropped-logo-site-copie_Plan-de-travail-1-01.png\",\"width\":1238,\"height\":354,\"caption\":\"Africa Infrastructure Foum\"},\"image\":{\"@id\":\"https:\/\/africaiforum.com\/#\/schema\/logo\/image\/\"}}]}<\/script>\n<!-- \/ Yoast SEO plugin. -->","yoast_head_json":{"title":"Actualit\u00e9s - Africa Infrastructure Forum","description":"Rejoignez les d\u00e9cideurs africains et les leaders du secteur financier lors de l'AFRICA INFRASTRUCTURE FORUM 2023. Ce forum de premier plan rassemble plus de 1800 participants, dont 300 PDG africains, 100 banquiers et financiers, et 200 personnalit\u00e9s influentes. Explorez les opportunit\u00e9s de d\u00e9veloppement \u00e9conomique des infrastructures, de l'habitat et de l'immobilier en Afrique. Ne manquez pas cette plateforme unique de connexions entre d\u00e9cideurs africains, investisseurs internationaux et institutions de financement des infrastructures sur le continent.","robots":{"index":"index","follow":"follow","max-snippet":"max-snippet:-1","max-image-preview":"max-image-preview:large","max-video-preview":"max-video-preview:-1"},"canonical":"https:\/\/africaiforum.com\/en\/actualites\/","og_locale":"en_GB","og_type":"article","og_title":"Actualit\u00e9s - Africa Infrastructure Forum","og_description":"Rejoignez les d\u00e9cideurs africains et les leaders du secteur financier lors de l'AFRICA INFRASTRUCTURE FORUM 2023. Ce forum de premier plan rassemble plus de 1800 participants, dont 300 PDG africains, 100 banquiers et financiers, et 200 personnalit\u00e9s influentes. Explorez les opportunit\u00e9s de d\u00e9veloppement \u00e9conomique des infrastructures, de l'habitat et de l'immobilier en Afrique. Ne manquez pas cette plateforme unique de connexions entre d\u00e9cideurs africains, investisseurs internationaux et institutions de financement des infrastructures sur le continent.","og_url":"https:\/\/africaiforum.com\/en\/actualites\/","og_site_name":"Africa Infrastructure Forum","article_modified_time":"2026-02-12T16:26:52+00:00","og_image":[{"url":"https:\/\/africaiforum.com\/wp-content\/uploads\/2023\/08\/aif-ifrastructure-5.jpg","type":"","width":"","height":""}],"twitter_card":"summary_large_image","twitter_misc":{"Estimated reading time":"1 minute"},"schema":{"@context":"https:\/\/schema.org","@graph":[{"@type":"WebPage","@id":"https:\/\/africaiforum.com\/actualites\/","url":"https:\/\/africaiforum.com\/actualites\/","name":"Actualit\u00e9s - Africa Infrastructure Forum","isPartOf":{"@id":"https:\/\/africaiforum.com\/#website"},"primaryImageOfPage":{"@id":"https:\/\/africaiforum.com\/actualites\/#primaryimage"},"image":{"@id":"https:\/\/africaiforum.com\/actualites\/#primaryimage"},"thumbnailUrl":"https:\/\/africaiforum.com\/wp-content\/uploads\/2023\/08\/aif-ifrastructure-5.jpg","datePublished":"2023-11-01T22:06:19+00:00","dateModified":"2026-02-12T16:26:52+00:00","description":"Rejoignez les d\u00e9cideurs africains et les leaders du secteur financier lors de l'AFRICA INFRASTRUCTURE FORUM 2023. Ce forum de premier plan rassemble plus de 1800 participants, dont 300 PDG africains, 100 banquiers et financiers, et 200 personnalit\u00e9s influentes. Explorez les opportunit\u00e9s de d\u00e9veloppement \u00e9conomique des infrastructures, de l'habitat et de l'immobilier en Afrique. Ne manquez pas cette plateforme unique de connexions entre d\u00e9cideurs africains, investisseurs internationaux et institutions de financement des infrastructures sur le continent.","breadcrumb":{"@id":"https:\/\/africaiforum.com\/actualites\/#breadcrumb"},"inLanguage":"en-GB","potentialAction":[{"@type":"ReadAction","target":["https:\/\/africaiforum.com\/actualites\/"]}]},{"@type":"ImageObject","inLanguage":"en-GB","@id":"https:\/\/africaiforum.com\/actualites\/#primaryimage","url":"https:\/\/africaiforum.com\/wp-content\/uploads\/2023\/08\/aif-ifrastructure-5.jpg","contentUrl":"https:\/\/africaiforum.com\/wp-content\/uploads\/2023\/08\/aif-ifrastructure-5.jpg"},{"@type":"BreadcrumbList","@id":"https:\/\/africaiforum.com\/actualites\/#breadcrumb","itemListElement":[{"@type":"ListItem","position":1,"name":"Accueil","item":"https:\/\/africaiforum.com\/"},{"@type":"ListItem","position":2,"name":"Actualit\u00e9s"}]},{"@type":"WebSite","@id":"https:\/\/africaiforum.com\/#website","url":"https:\/\/africaiforum.com\/","name":"Africa Infrastructure Forum","description":"Africa Infrastructure Forum est le rendez-vous de r\u00e9f\u00e9rence des responsables les plus influents du financement des infrastructures en Afrique et des dirigeants des grandes entreprises africaines","publisher":{"@id":"https:\/\/africaiforum.com\/#organization"},"potentialAction":[{"@type":"SearchAction","target":{"@type":"EntryPoint","urlTemplate":"https:\/\/africaiforum.com\/?s={search_term_string}"},"query-input":{"@type":"PropertyValueSpecification","valueRequired":true,"valueName":"search_term_string"}}],"inLanguage":"en-GB"},{"@type":"Organization","@id":"https:\/\/africaiforum.com\/#organization","name":"Africa Infrastructure Foum","url":"https:\/\/africaiforum.com\/","logo":{"@type":"ImageObject","inLanguage":"en-GB","@id":"https:\/\/africaiforum.com\/#\/schema\/logo\/image\/","url":"https:\/\/africaiforum.com\/wp-content\/uploads\/2026\/02\/cropped-logo-site-copie_Plan-de-travail-1-01.png","contentUrl":"https:\/\/africaiforum.com\/wp-content\/uploads\/2026\/02\/cropped-logo-site-copie_Plan-de-travail-1-01.png","width":1238,"height":354,"caption":"Africa Infrastructure Foum"},"image":{"@id":"https:\/\/africaiforum.com\/#\/schema\/logo\/image\/"}}]}},"_links":{"self":[{"href":"https:\/\/africaiforum.com\/en\/wp-json\/wp\/v2\/pages\/734","targetHints":{"allow":["GET"]}}],"collection":[{"href":"https:\/\/africaiforum.com\/en\/wp-json\/wp\/v2\/pages"}],"about":[{"href":"https:\/\/africaiforum.com\/en\/wp-json\/wp\/v2\/types\/page"}],"author":[{"embeddable":true,"href":"https:\/\/africaiforum.com\/en\/wp-json\/wp\/v2\/users\/1"}],"replies":[{"embeddable":true,"href":"https:\/\/africaiforum.com\/en\/wp-json\/wp\/v2\/comments?post=734"}],"version-history":[{"count":28,"href":"https:\/\/africaiforum.com\/en\/wp-json\/wp\/v2\/pages\/734\/revisions"}],"predecessor-version":[{"id":3115,"href":"https:\/\/africaiforum.com\/en\/wp-json\/wp\/v2\/pages\/734\/revisions\/3115"}],"wp:attachment":[{"href":"https:\/\/africaiforum.com\/en\/wp-json\/wp\/v2\/media?parent=734"}],"curies":[{"name":"wp","href":"https:\/\/api.w.org\/{rel}","templated":true}]}}