{"id":747,"date":"2023-11-01T22:09:39","date_gmt":"2023-11-01T22:09:39","guid":{"rendered":"https:\/\/africaiforum.com\/?page_id=747"},"modified":"2026-02-12T16:38:42","modified_gmt":"2026-02-12T16:38:42","slug":"participants-internationaux","status":"publish","type":"page","link":"https:\/\/africaiforum.com\/en\/participants-internationaux\/","title":{"rendered":"International participants"},"content":{"rendered":"<div data-elementor-type=\"wp-page\" data-elementor-id=\"747\" class=\"elementor elementor-747\" data-elementor-post-type=\"page\">\n\t\t\t\t\t\t<section data-particle_enable=\"false\" data-particle-mobile-disabled=\"false\" class=\"elementor-section elementor-top-section elementor-element elementor-element-4ecdd3f elementor-section-boxed elementor-section-height-default elementor-section-height-default\" data-id=\"4ecdd3f\" data-element_type=\"section\" data-e-type=\"section\" data-settings=\"{&quot;background_background&quot;:&quot;classic&quot;}\">\n\t\t\t\t\t\t<div class=\"elementor-container elementor-column-gap-default\">\n\t\t\t\t\t<div class=\"elementor-column elementor-col-50 elementor-top-column elementor-element elementor-element-a686104\" data-id=\"a686104\" data-element_type=\"column\" data-e-type=\"column\">\n\t\t\t<div class=\"elementor-widget-wrap elementor-element-populated\">\n\t\t\t\t\t\t\t<\/div>\n\t\t<\/div>\n\t\t\t\t<div class=\"elementor-column elementor-col-50 elementor-top-column elementor-element elementor-element-535ec98 elementor-hidden-mobile\" data-id=\"535ec98\" data-element_type=\"column\" data-e-type=\"column\">\n\t\t\t<div class=\"elementor-widget-wrap elementor-element-populated\">\n\t\t\t\t\t\t<div class=\"elementor-element elementor-element-87c5f65 elementor-align-right elementor-widget elementor-widget-breadcrumbs\" data-id=\"87c5f65\" data-element_type=\"widget\" data-e-type=\"widget\" data-widget_type=\"breadcrumbs.default\">\n\t\t\t\t<div class=\"elementor-widget-container\">\n\t\t\t\t\t<p id=\"breadcrumbs\"><span><span><a href=\"https:\/\/africaiforum.com\/en\/\">Home<\/a><\/span><\/span><\/p>\t\t\t\t<\/div>\n\t\t\t\t<\/div>\n\t\t\t\t\t<\/div>\n\t\t<\/div>\n\t\t\t\t\t<\/div>\n\t\t<\/section>\n\t\t\t\t<section data-particle_enable=\"false\" data-particle-mobile-disabled=\"false\" class=\"elementor-section elementor-top-section elementor-element elementor-element-004bcaf elementor-section-boxed elementor-section-height-default elementor-section-height-default\" data-id=\"004bcaf\" data-element_type=\"section\" data-e-type=\"section\">\n\t\t\t\t\t\t<div class=\"elementor-container elementor-column-gap-default\">\n\t\t\t\t\t<div class=\"elementor-column elementor-col-50 elementor-top-column elementor-element elementor-element-8d753c4\" data-id=\"8d753c4\" data-element_type=\"column\" data-e-type=\"column\">\n\t\t\t<div class=\"elementor-widget-wrap elementor-element-populated\">\n\t\t\t\t\t\t<div class=\"elementor-element elementor-element-2eabe57 elementor-widget elementor-widget-heading\" data-id=\"2eabe57\" data-element_type=\"widget\" data-e-type=\"widget\" data-widget_type=\"heading.default\">\n\t\t\t\t<div class=\"elementor-widget-container\">\n\t\t\t\t\t<h2 class=\"elementor-heading-title elementor-size-default\">International participants<\/h2>\t\t\t\t<\/div>\n\t\t\t\t<\/div>\n\t\t\t\t<div class=\"elementor-element elementor-element-45b7e88 elementor-widget elementor-widget-text-editor\" data-id=\"45b7e88\" data-element_type=\"widget\" data-e-type=\"widget\" data-widget_type=\"text-editor.default\">\n\t\t\t\t<div class=\"elementor-widget-container\">\n\t\t\t\t\t\t\t\t\t<p><strong>The Africa Infrastructure Forum<\/strong> attracts international participants from Africa, Canada, the United States of America, Australia, Europe and Asia. These participants represent companies, organisations, governments and institutions involved in the infrastructure sector. The presence of international participants enables cross-cultural exchanges, the creation of cross-border partnerships and the exploration of investment and collaboration opportunities on a global scale. This contributes to strengthening the scope and impact of the event in the context of infrastructure in Africa.\n\nTranslated with www.DeepL.com\/Translator (free version)<\/p><p><strong>The Africa Infrastructure Forum <\/strong>is therefore an excellent opportunity for international participants to strengthen their presence in Africa and forge business relationships with local partners.<\/p>\t\t\t\t\t\t\t\t<\/div>\n\t\t\t\t<\/div>\n\t\t\t\t\t<\/div>\n\t\t<\/div>\n\t\t\t\t<div class=\"elementor-column elementor-col-50 elementor-top-column elementor-element elementor-element-919dc37\" data-id=\"919dc37\" data-element_type=\"column\" data-e-type=\"column\">\n\t\t\t<div class=\"elementor-widget-wrap elementor-element-populated\">\n\t\t\t\t\t\t<div class=\"elementor-element elementor-element-1e6f4f8 elementor-widget elementor-widget-image\" data-id=\"1e6f4f8\" data-element_type=\"widget\" data-e-type=\"widget\" data-widget_type=\"image.default\">\n\t\t\t\t<div class=\"elementor-widget-container\">\n\t\t\t\t\t\t\t\t\t\t\t\t\t\t\t<img fetchpriority=\"high\" decoding=\"async\" width=\"800\" height=\"600\" src=\"https:\/\/africaiforum.com\/wp-content\/uploads\/2023\/03\/51222130_2446404492098656_785246336696975360_n.jpg\" class=\"attachment-large size-large wp-image-1119\" alt=\"\" srcset=\"https:\/\/africaiforum.com\/wp-content\/uploads\/2023\/03\/51222130_2446404492098656_785246336696975360_n.jpg 960w, https:\/\/africaiforum.com\/wp-content\/uploads\/2023\/03\/51222130_2446404492098656_785246336696975360_n-300x225.jpg 300w, https:\/\/africaiforum.com\/wp-content\/uploads\/2023\/03\/51222130_2446404492098656_785246336696975360_n-768x576.jpg 768w\" sizes=\"(max-width: 800px) 100vw, 800px\" \/>\t\t\t\t\t\t\t\t\t\t\t\t\t\t\t<\/div>\n\t\t\t\t<\/div>\n\t\t\t\t\t<\/div>\n\t\t<\/div>\n\t\t\t\t\t<\/div>\n\t\t<\/section>\n\t\t\t\t<section data-particle_enable=\"false\" data-particle-mobile-disabled=\"false\" class=\"elementor-section elementor-top-section elementor-element elementor-element-3188cdc elementor-section-boxed elementor-section-height-default elementor-section-height-default\" data-id=\"3188cdc\" data-element_type=\"section\" data-e-type=\"section\">\n\t\t\t\t\t\t<div class=\"elementor-container elementor-column-gap-default\">\n\t\t\t\t\t<div class=\"elementor-column elementor-col-50 elementor-top-column elementor-element elementor-element-a038af1\" data-id=\"a038af1\" data-element_type=\"column\" data-e-type=\"column\">\n\t\t\t<div class=\"elementor-widget-wrap elementor-element-populated\">\n\t\t\t\t\t\t<div class=\"elementor-element elementor-element-a91dc47 elementor-widget elementor-widget-heading\" data-id=\"a91dc47\" data-element_type=\"widget\" data-e-type=\"widget\" data-widget_type=\"heading.default\">\n\t\t\t\t<div class=\"elementor-widget-container\">\n\t\t\t\t\t<h2 class=\"elementor-heading-title elementor-size-default\">Visa pour la C\u00f4te d'Ivoire<\/h2>\t\t\t\t<\/div>\n\t\t\t\t<\/div>\n\t\t\t\t<div class=\"elementor-element elementor-element-0bfdec0 elementor-widget elementor-widget-text-editor\" data-id=\"0bfdec0\" data-element_type=\"widget\" data-e-type=\"widget\" data-widget_type=\"text-editor.default\">\n\t\t\t\t<div class=\"elementor-widget-container\">\n\t\t\t\t\t\t\t\t\t<p>La proc\u00e9dure de visa pour la C\u00f4te d&rsquo;Ivoire se fait principalement en ligne via le site officiel <a href=\"http:\/\/snedai.com\/e-visa\">snedai.com\/e-visa<\/a>.<\/p><p>Apr\u00e8s paiement des frais, un pr\u00e9-enr\u00f4lement est re\u00e7u, qui est \u00e9chang\u00e9 contre le visa biom\u00e9trique \u00e0 l&rsquo;arriv\u00e9e \u00e0 l&rsquo;a\u00e9roport d&rsquo;Abidjan. Les documents requis incluent un passeport valide (+6 mois), une lettre d&rsquo;invitation ou un justificatif d&rsquo;h\u00e9bergement, et une r\u00e9servation de billet d&rsquo;avion.<\/p><p>Points cl\u00e9s de la proc\u00e9dure :<\/p><ul class=\"KsbFXc U6u95\" data-processed=\"true\"><li data-hveid=\"CAMQAA\" data-processed=\"true\"><span class=\"T286Pc\" data-sfc-cp=\"\" data-processed=\"true\"><strong class=\"Yjhzub\" data-processed=\"true\">E-Visa (Recommand\u00e9) :<\/strong> Effectuez la demande sur SNEDAI, le prestataire officiel.<\/span><\/li><li data-hveid=\"CAMQAQ\" data-processed=\"true\"><span class=\"T286Pc\" data-sfc-cp=\"\" data-processed=\"true\"><strong class=\"Yjhzub\" data-processed=\"true\">Documents :<\/strong><\/span><br \/><ul class=\"KsbFXc U6u95\" data-processed=\"true\"><li data-hveid=\"CAMQAg\" data-processed=\"true\"><span class=\"T286Pc\" data-sfc-cp=\"\" data-processed=\"true\">Copie couleur de la page d&rsquo;identit\u00e9 du passeport (validit\u00e9 &gt; 6 mois).<\/span><\/li><li data-hveid=\"CAMQAw\" data-processed=\"true\"><span class=\"T286Pc\" data-sfc-cp=\"\" data-processed=\"true\">Billet d&rsquo;avion Aller\/Retour.<\/span><\/li><li data-hveid=\"CAMQBA\" data-processed=\"true\"><span class=\"T286Pc\" data-sfc-cp=\"\" data-processed=\"true\">Lettre d&rsquo;invitation (affaires) ou justificatif d&rsquo;h\u00e9bergement\/r\u00e9servation d&rsquo;h\u00f4tel (tourisme).<\/span><\/li><\/ul><\/li><li data-hveid=\"CAMQBQ\" data-processed=\"true\"><span class=\"T286Pc\" data-sfc-cp=\"\" data-processed=\"true\"><strong class=\"Yjhzub\" data-processed=\"true\">Frais et d\u00e9lais :<\/strong> Les frais sont s\u00e9curis\u00e9s sur la plateforme. Les d\u00e9lais sont g\u00e9n\u00e9ralement de 5 jours ouvrables.<\/span><\/li><li data-hveid=\"CAMQBg\" data-processed=\"true\"><span class=\"T286Pc\" data-sfc-cp=\"\" data-processed=\"true\"><strong class=\"Yjhzub\" data-processed=\"true\">Arriv\u00e9e :<\/strong> Le document re\u00e7u (pr\u00e9-enr\u00f4lement) doit \u00eatre pr\u00e9sent\u00e9 \u00e0 l&#8217;embarquement et \u00e9chang\u00e9 contre le visa physique \u00e0 l&rsquo;a\u00e9roport d&rsquo;Abidjan.<\/span><\/li><li data-hveid=\"CAMQBw\" data-processed=\"true\"><span class=\"T286Pc\" data-sfc-cp=\"\" data-processed=\"true\"><strong class=\"Yjhzub\" data-processed=\"true\">Vaccination :<\/strong> Le carnet de vaccination contre la <strong class=\"Yjhzub\" data-processed=\"true\">fi\u00e8vre jaune<\/strong> est obligatoire.<\/span><span class=\"uJ19be notranslate\" data-wiz-uids=\"ayvSQd_1c,ayvSQd_1d\" data-processed=\"true\"><span class=\"vKEkVd\" data-animation-atomic=\"\" data-wiz-attrbind=\"class=ayvSQd_1b\/TKHnVd\" data-processed=\"true\"><span aria-hidden=\"true\" data-processed=\"true\">\u00a0<\/span><\/span><\/span><\/li><\/ul><div data-sfc-cp=\"\" data-hveid=\"CAQQAA\" data-processed=\"true\">\u00a0<\/div><div class=\"Y3BBE\" data-sfc-cp=\"\" data-hveid=\"CAQQAA\" data-processed=\"true\">Il est \u00e9galement possible de demander un visa aupr\u00e8s des ambassades de C\u00f4te d&rsquo;Ivoire, mais la proc\u00e9dure en ligne est la plus courante. Pour les longs s\u00e9jours, une demande de visa classique (sticker sur passeport) est n\u00e9cessaire aupr\u00e8s d&rsquo;une repr\u00e9sentation diplomatique.<span class=\"uJ19be notranslate\" data-wiz-uids=\"ayvSQd_1m,ayvSQd_1n\" data-processed=\"true\"><span class=\"vKEkVd\" data-animation-atomic=\"\" data-wiz-attrbind=\"class=ayvSQd_1l\/TKHnVd\" data-processed=\"true\"><span aria-hidden=\"true\" data-processed=\"true\">\u00a0<\/span><\/span><\/span><\/div>\t\t\t\t\t\t\t\t<\/div>\n\t\t\t\t<\/div>\n\t\t\t\t\t<\/div>\n\t\t<\/div>\n\t\t\t\t<div class=\"elementor-column elementor-col-50 elementor-top-column elementor-element elementor-element-e7baa88\" data-id=\"e7baa88\" data-element_type=\"column\" data-e-type=\"column\">\n\t\t\t<div class=\"elementor-widget-wrap elementor-element-populated\">\n\t\t\t\t\t\t<div class=\"elementor-element elementor-element-a967908 elementor-widget elementor-widget-image\" data-id=\"a967908\" data-element_type=\"widget\" data-e-type=\"widget\" data-widget_type=\"image.default\">\n\t\t\t\t<div class=\"elementor-widget-container\">\n\t\t\t\t\t\t\t\t\t\t\t\t\t\t\t<img decoding=\"async\" width=\"800\" height=\"600\" src=\"https:\/\/africaiforum.com\/wp-content\/uploads\/2023\/01\/undefined_1482504920_7-min-1024x768.jpg\" class=\"attachment-large size-large wp-image-956\" alt=\"\" srcset=\"https:\/\/africaiforum.com\/wp-content\/uploads\/2023\/01\/undefined_1482504920_7-min-1024x768.jpg 1024w, https:\/\/africaiforum.com\/wp-content\/uploads\/2023\/01\/undefined_1482504920_7-min-300x225.jpg 300w, https:\/\/africaiforum.com\/wp-content\/uploads\/2023\/01\/undefined_1482504920_7-min-768x576.jpg 768w, https:\/\/africaiforum.com\/wp-content\/uploads\/2023\/01\/undefined_1482504920_7-min.jpg 1200w\" sizes=\"(max-width: 800px) 100vw, 800px\" \/>\t\t\t\t\t\t\t\t\t\t\t\t\t\t\t<\/div>\n\t\t\t\t<\/div>\n\t\t\t\t\t<\/div>\n\t\t<\/div>\n\t\t\t\t\t<\/div>\n\t\t<\/section>\n\t\t\t\t<\/div>","protected":false},"excerpt":{"rendered":"<p>Participants internationaux L&rsquo;Africa Infrastructure Forum attire des participants internationaux issus de divers pays tels que l&rsquo;Afrique, le Canada, les \u00c9tats-Unis d&rsquo;Am\u00e9rique, l&rsquo;Australie, l&rsquo;Europe et l&rsquo;Asie. Ces participants repr\u00e9sentent des entreprises, des organisations, des gouvernements et des institutions impliqu\u00e9s dans le secteur des infrastructures. La pr\u00e9sence de participants internationaux permet des \u00e9changes interculturels, la cr\u00e9ation de [&hellip;]<\/p>","protected":false},"author":1,"featured_media":0,"parent":0,"menu_order":0,"comment_status":"closed","ping_status":"closed","template":"","meta":{"footnotes":""},"class_list":["post-747","page","type-page","status-publish","hentry"],"yoast_head":"<!-- This site is optimized with the Yoast SEO plugin v26.9 - https:\/\/yoast.com\/product\/yoast-seo-wordpress\/ -->\n<title>Participants internationaux - Africa Infrastructure Forum<\/title>\n<meta name=\"description\" content=\"L\u2019Africa Infrastructure Forum accueille investisseurs, institutions financi\u00e8res et d\u00e9cideurs internationaux engag\u00e9s dans le financement des infrastructures africaines.\" \/>\n<meta name=\"robots\" content=\"index, follow, max-snippet:-1, max-image-preview:large, max-video-preview:-1\" \/>\n<link rel=\"canonical\" href=\"https:\/\/africaiforum.com\/en\/participants-internationaux\/\" \/>\n<meta property=\"og:locale\" content=\"en_GB\" \/>\n<meta property=\"og:type\" content=\"article\" \/>\n<meta property=\"og:title\" content=\"Participants internationaux - Africa Infrastructure Forum\" \/>\n<meta property=\"og:description\" content=\"L\u2019Africa Infrastructure Forum accueille investisseurs, institutions financi\u00e8res et d\u00e9cideurs internationaux engag\u00e9s dans le financement des infrastructures africaines.\" \/>\n<meta property=\"og:url\" content=\"https:\/\/africaiforum.com\/en\/participants-internationaux\/\" \/>\n<meta property=\"og:site_name\" content=\"Africa Infrastructure Forum\" \/>\n<meta property=\"article:modified_time\" content=\"2026-02-12T16:38:42+00:00\" \/>\n<meta property=\"og:image\" content=\"https:\/\/africaiforum.com\/wp-content\/uploads\/2023\/03\/51222130_2446404492098656_785246336696975360_n.jpg\" \/>\n\t<meta property=\"og:image:width\" content=\"960\" \/>\n\t<meta property=\"og:image:height\" content=\"720\" \/>\n\t<meta property=\"og:image:type\" content=\"image\/jpeg\" \/>\n<meta name=\"twitter:card\" content=\"summary_large_image\" \/>\n<meta name=\"twitter:label1\" content=\"Estimated reading time\" \/>\n\t<meta name=\"twitter:data1\" content=\"2 minutes\" \/>\n<script type=\"application\/ld+json\" class=\"yoast-schema-graph\">{\"@context\":\"https:\/\/schema.org\",\"@graph\":[{\"@type\":\"WebPage\",\"@id\":\"https:\/\/africaiforum.com\/participants-internationaux\/\",\"url\":\"https:\/\/africaiforum.com\/participants-internationaux\/\",\"name\":\"Participants internationaux - Africa Infrastructure Forum\",\"isPartOf\":{\"@id\":\"https:\/\/africaiforum.com\/#website\"},\"primaryImageOfPage\":{\"@id\":\"https:\/\/africaiforum.com\/participants-internationaux\/#primaryimage\"},\"image\":{\"@id\":\"https:\/\/africaiforum.com\/participants-internationaux\/#primaryimage\"},\"thumbnailUrl\":\"https:\/\/africaiforum.com\/wp-content\/uploads\/2023\/03\/51222130_2446404492098656_785246336696975360_n.jpg\",\"datePublished\":\"2023-11-01T22:09:39+00:00\",\"dateModified\":\"2026-02-12T16:38:42+00:00\",\"description\":\"L\u2019Africa Infrastructure Forum accueille investisseurs, institutions financi\u00e8res et d\u00e9cideurs internationaux engag\u00e9s dans le financement des infrastructures africaines.\",\"breadcrumb\":{\"@id\":\"https:\/\/africaiforum.com\/participants-internationaux\/#breadcrumb\"},\"inLanguage\":\"en-GB\",\"potentialAction\":[{\"@type\":\"ReadAction\",\"target\":[\"https:\/\/africaiforum.com\/participants-internationaux\/\"]}]},{\"@type\":\"ImageObject\",\"inLanguage\":\"en-GB\",\"@id\":\"https:\/\/africaiforum.com\/participants-internationaux\/#primaryimage\",\"url\":\"https:\/\/africaiforum.com\/wp-content\/uploads\/2023\/03\/51222130_2446404492098656_785246336696975360_n.jpg\",\"contentUrl\":\"https:\/\/africaiforum.com\/wp-content\/uploads\/2023\/03\/51222130_2446404492098656_785246336696975360_n.jpg\"},{\"@type\":\"BreadcrumbList\",\"@id\":\"https:\/\/africaiforum.com\/participants-internationaux\/#breadcrumb\",\"itemListElement\":[{\"@type\":\"ListItem\",\"position\":1,\"name\":\"Accueil\",\"item\":\"https:\/\/africaiforum.com\/\"},{\"@type\":\"ListItem\",\"position\":2,\"name\":\"Participants internationaux\"}]},{\"@type\":\"WebSite\",\"@id\":\"https:\/\/africaiforum.com\/#website\",\"url\":\"https:\/\/africaiforum.com\/\",\"name\":\"Africa Infrastructure Forum\",\"description\":\"Africa Infrastructure Forum est le rendez-vous de r\u00e9f\u00e9rence des responsables les plus influents du financement des infrastructures en Afrique et des dirigeants des grandes entreprises africaines\",\"publisher\":{\"@id\":\"https:\/\/africaiforum.com\/#organization\"},\"potentialAction\":[{\"@type\":\"SearchAction\",\"target\":{\"@type\":\"EntryPoint\",\"urlTemplate\":\"https:\/\/africaiforum.com\/?s={search_term_string}\"},\"query-input\":{\"@type\":\"PropertyValueSpecification\",\"valueRequired\":true,\"valueName\":\"search_term_string\"}}],\"inLanguage\":\"en-GB\"},{\"@type\":\"Organization\",\"@id\":\"https:\/\/africaiforum.com\/#organization\",\"name\":\"Africa Infrastructure Foum\",\"url\":\"https:\/\/africaiforum.com\/\",\"logo\":{\"@type\":\"ImageObject\",\"inLanguage\":\"en-GB\",\"@id\":\"https:\/\/africaiforum.com\/#\/schema\/logo\/image\/\",\"url\":\"https:\/\/africaiforum.com\/wp-content\/uploads\/2026\/02\/cropped-logo-site-copie_Plan-de-travail-1-01.png\",\"contentUrl\":\"https:\/\/africaiforum.com\/wp-content\/uploads\/2026\/02\/cropped-logo-site-copie_Plan-de-travail-1-01.png\",\"width\":1238,\"height\":354,\"caption\":\"Africa Infrastructure Foum\"},\"image\":{\"@id\":\"https:\/\/africaiforum.com\/#\/schema\/logo\/image\/\"}}]}<\/script>\n<!-- \/ Yoast SEO plugin. -->","yoast_head_json":{"title":"Participants internationaux - Africa Infrastructure Forum","description":"L\u2019Africa Infrastructure Forum accueille investisseurs, institutions financi\u00e8res et d\u00e9cideurs internationaux engag\u00e9s dans le financement des infrastructures africaines.","robots":{"index":"index","follow":"follow","max-snippet":"max-snippet:-1","max-image-preview":"max-image-preview:large","max-video-preview":"max-video-preview:-1"},"canonical":"https:\/\/africaiforum.com\/en\/participants-internationaux\/","og_locale":"en_GB","og_type":"article","og_title":"Participants internationaux - Africa Infrastructure Forum","og_description":"L\u2019Africa Infrastructure Forum accueille investisseurs, institutions financi\u00e8res et d\u00e9cideurs internationaux engag\u00e9s dans le financement des infrastructures africaines.","og_url":"https:\/\/africaiforum.com\/en\/participants-internationaux\/","og_site_name":"Africa Infrastructure Forum","article_modified_time":"2026-02-12T16:38:42+00:00","og_image":[{"width":960,"height":720,"url":"https:\/\/africaiforum.com\/wp-content\/uploads\/2023\/03\/51222130_2446404492098656_785246336696975360_n.jpg","type":"image\/jpeg"}],"twitter_card":"summary_large_image","twitter_misc":{"Estimated reading time":"2 minutes"},"schema":{"@context":"https:\/\/schema.org","@graph":[{"@type":"WebPage","@id":"https:\/\/africaiforum.com\/participants-internationaux\/","url":"https:\/\/africaiforum.com\/participants-internationaux\/","name":"Participants internationaux - Africa Infrastructure Forum","isPartOf":{"@id":"https:\/\/africaiforum.com\/#website"},"primaryImageOfPage":{"@id":"https:\/\/africaiforum.com\/participants-internationaux\/#primaryimage"},"image":{"@id":"https:\/\/africaiforum.com\/participants-internationaux\/#primaryimage"},"thumbnailUrl":"https:\/\/africaiforum.com\/wp-content\/uploads\/2023\/03\/51222130_2446404492098656_785246336696975360_n.jpg","datePublished":"2023-11-01T22:09:39+00:00","dateModified":"2026-02-12T16:38:42+00:00","description":"L\u2019Africa Infrastructure Forum accueille investisseurs, institutions financi\u00e8res et d\u00e9cideurs internationaux engag\u00e9s dans le financement des infrastructures africaines.","breadcrumb":{"@id":"https:\/\/africaiforum.com\/participants-internationaux\/#breadcrumb"},"inLanguage":"en-GB","potentialAction":[{"@type":"ReadAction","target":["https:\/\/africaiforum.com\/participants-internationaux\/"]}]},{"@type":"ImageObject","inLanguage":"en-GB","@id":"https:\/\/africaiforum.com\/participants-internationaux\/#primaryimage","url":"https:\/\/africaiforum.com\/wp-content\/uploads\/2023\/03\/51222130_2446404492098656_785246336696975360_n.jpg","contentUrl":"https:\/\/africaiforum.com\/wp-content\/uploads\/2023\/03\/51222130_2446404492098656_785246336696975360_n.jpg"},{"@type":"BreadcrumbList","@id":"https:\/\/africaiforum.com\/participants-internationaux\/#breadcrumb","itemListElement":[{"@type":"ListItem","position":1,"name":"Accueil","item":"https:\/\/africaiforum.com\/"},{"@type":"ListItem","position":2,"name":"Participants internationaux"}]},{"@type":"WebSite","@id":"https:\/\/africaiforum.com\/#website","url":"https:\/\/africaiforum.com\/","name":"Africa Infrastructure Forum","description":"Africa Infrastructure Forum est le rendez-vous de r\u00e9f\u00e9rence des responsables les plus influents du financement des infrastructures en Afrique et des dirigeants des grandes entreprises africaines","publisher":{"@id":"https:\/\/africaiforum.com\/#organization"},"potentialAction":[{"@type":"SearchAction","target":{"@type":"EntryPoint","urlTemplate":"https:\/\/africaiforum.com\/?s={search_term_string}"},"query-input":{"@type":"PropertyValueSpecification","valueRequired":true,"valueName":"search_term_string"}}],"inLanguage":"en-GB"},{"@type":"Organization","@id":"https:\/\/africaiforum.com\/#organization","name":"Africa Infrastructure Foum","url":"https:\/\/africaiforum.com\/","logo":{"@type":"ImageObject","inLanguage":"en-GB","@id":"https:\/\/africaiforum.com\/#\/schema\/logo\/image\/","url":"https:\/\/africaiforum.com\/wp-content\/uploads\/2026\/02\/cropped-logo-site-copie_Plan-de-travail-1-01.png","contentUrl":"https:\/\/africaiforum.com\/wp-content\/uploads\/2026\/02\/cropped-logo-site-copie_Plan-de-travail-1-01.png","width":1238,"height":354,"caption":"Africa Infrastructure Foum"},"image":{"@id":"https:\/\/africaiforum.com\/#\/schema\/logo\/image\/"}}]}},"_links":{"self":[{"href":"https:\/\/africaiforum.com\/en\/wp-json\/wp\/v2\/pages\/747","targetHints":{"allow":["GET"]}}],"collection":[{"href":"https:\/\/africaiforum.com\/en\/wp-json\/wp\/v2\/pages"}],"about":[{"href":"https:\/\/africaiforum.com\/en\/wp-json\/wp\/v2\/types\/page"}],"author":[{"embeddable":true,"href":"https:\/\/africaiforum.com\/en\/wp-json\/wp\/v2\/users\/1"}],"replies":[{"embeddable":true,"href":"https:\/\/africaiforum.com\/en\/wp-json\/wp\/v2\/comments?post=747"}],"version-history":[{"count":37,"href":"https:\/\/africaiforum.com\/en\/wp-json\/wp\/v2\/pages\/747\/revisions"}],"predecessor-version":[{"id":3119,"href":"https:\/\/africaiforum.com\/en\/wp-json\/wp\/v2\/pages\/747\/revisions\/3119"}],"wp:attachment":[{"href":"https:\/\/africaiforum.com\/en\/wp-json\/wp\/v2\/media?parent=747"}],"curies":[{"name":"wp","href":"https:\/\/api.w.org\/{rel}","templated":true}]}}