{"id":776,"date":"2023-11-01T22:17:56","date_gmt":"2023-11-01T22:17:56","guid":{"rendered":"https:\/\/africaiforum.com\/?page_id=776"},"modified":"2026-02-12T16:59:59","modified_gmt":"2026-02-12T16:59:59","slug":"nous-contacter","status":"publish","type":"page","link":"https:\/\/africaiforum.com\/en\/nous-contacter\/","title":{"rendered":"Contact us"},"content":{"rendered":"<div data-elementor-type=\"wp-page\" data-elementor-id=\"776\" class=\"elementor elementor-776\" data-elementor-post-type=\"page\">\n\t\t\t\t\t\t<section data-particle_enable=\"false\" data-particle-mobile-disabled=\"false\" class=\"elementor-section elementor-top-section elementor-element elementor-element-4ecdd3f elementor-section-boxed elementor-section-height-default elementor-section-height-default\" data-id=\"4ecdd3f\" data-element_type=\"section\" data-e-type=\"section\" data-settings=\"{&quot;background_background&quot;:&quot;classic&quot;}\">\n\t\t\t\t\t\t<div class=\"elementor-container elementor-column-gap-default\">\n\t\t\t\t\t<div class=\"elementor-column elementor-col-50 elementor-top-column elementor-element elementor-element-a686104\" data-id=\"a686104\" data-element_type=\"column\" data-e-type=\"column\">\n\t\t\t<div class=\"elementor-widget-wrap elementor-element-populated\">\n\t\t\t\t\t\t\t<\/div>\n\t\t<\/div>\n\t\t\t\t<div class=\"elementor-column elementor-col-50 elementor-top-column elementor-element elementor-element-535ec98 elementor-hidden-mobile\" data-id=\"535ec98\" data-element_type=\"column\" data-e-type=\"column\">\n\t\t\t<div class=\"elementor-widget-wrap elementor-element-populated\">\n\t\t\t\t\t\t<div class=\"elementor-element elementor-element-87c5f65 elementor-align-right elementor-widget elementor-widget-breadcrumbs\" data-id=\"87c5f65\" data-element_type=\"widget\" data-e-type=\"widget\" data-widget_type=\"breadcrumbs.default\">\n\t\t\t\t<div class=\"elementor-widget-container\">\n\t\t\t\t\t<p id=\"breadcrumbs\"><span><span><a href=\"https:\/\/africaiforum.com\/en\/\">Home<\/a><\/span><\/span><\/p>\t\t\t\t<\/div>\n\t\t\t\t<\/div>\n\t\t\t\t\t<\/div>\n\t\t<\/div>\n\t\t\t\t\t<\/div>\n\t\t<\/section>\n\t\t\t\t<section data-particle_enable=\"false\" data-particle-mobile-disabled=\"false\" class=\"elementor-section elementor-top-section elementor-element elementor-element-91ecd5a elementor-section-full_width elementor-section-height-default elementor-section-height-default\" data-id=\"91ecd5a\" data-element_type=\"section\" data-e-type=\"section\">\n\t\t\t\t\t\t<div class=\"elementor-container elementor-column-gap-default\">\n\t\t\t\t\t<div class=\"elementor-column elementor-col-100 elementor-top-column elementor-element elementor-element-cd0359e\" data-id=\"cd0359e\" data-element_type=\"column\" data-e-type=\"column\">\n\t\t\t<div class=\"elementor-widget-wrap elementor-element-populated\">\n\t\t\t\t\t\t<div class=\"elementor-element elementor-element-cca10e6 elementor-widget elementor-widget-shortcode\" data-id=\"cca10e6\" data-element_type=\"widget\" data-e-type=\"widget\" data-widget_type=\"shortcode.default\">\n\t\t\t\t<div class=\"elementor-widget-container\">\n\t\t\t\t\t\t\t<div class=\"elementor-shortcode\"><iframe src=\"https:\/\/www.google.com\/maps\/embed?pb=!1m18!1m12!1m3!1d3972.590410281469!2d-4.0069908888411305!3d5.326399835892272!2m3!1f0!2f0!3f0!3m2!1i1024!2i768!4f13.1!3m3!1m2!1s0xfc1eb9708e3e29b%3A0x97c418e48e2e320c!2sSofitel%20Abidjan%20Hotel%20Ivoire!5e0!3m2!1sfr!2sbf!4v1770915223632!5m2!1sfr!2sbf\" width=\"600\" height=\"450\" style=\"border:0;\" allowfullscreen=\"\" loading=\"lazy\" referrerpolicy=\"no-referrer-when-downgrade\"><\/iframe><\/div>\n\t\t\t\t\t\t<\/div>\n\t\t\t\t<\/div>\n\t\t\t\t\t<\/div>\n\t\t<\/div>\n\t\t\t\t\t<\/div>\n\t\t<\/section>\n\t\t\t\t<section data-particle_enable=\"false\" data-particle-mobile-disabled=\"false\" class=\"elementor-section elementor-top-section elementor-element elementor-element-3a0b5a4 elementor-section-boxed elementor-section-height-default elementor-section-height-default\" data-id=\"3a0b5a4\" data-element_type=\"section\" data-e-type=\"section\">\n\t\t\t\t\t\t<div class=\"elementor-container elementor-column-gap-default\">\n\t\t\t\t\t<div class=\"elementor-column elementor-col-50 elementor-top-column elementor-element elementor-element-28b9753\" data-id=\"28b9753\" data-element_type=\"column\" data-e-type=\"column\">\n\t\t\t<div class=\"elementor-widget-wrap\">\n\t\t\t\t\t\t\t<\/div>\n\t\t<\/div>\n\t\t\t\t<div class=\"elementor-column elementor-col-50 elementor-top-column elementor-element elementor-element-f87f729\" data-id=\"f87f729\" data-element_type=\"column\" data-e-type=\"column\">\n\t\t\t<div class=\"elementor-widget-wrap elementor-element-populated\">\n\t\t\t\t\t\t<div class=\"elementor-element elementor-element-c1b49b1 elementor-widget elementor-widget-heading\" data-id=\"c1b49b1\" data-element_type=\"widget\" data-e-type=\"widget\" data-widget_type=\"heading.default\">\n\t\t\t\t<div class=\"elementor-widget-container\">\n\t\t\t\t\t<h2 class=\"elementor-heading-title elementor-size-default\">SIEGE &amp; BUREAU COMMERCIAL :<\/h2>\t\t\t\t<\/div>\n\t\t\t\t<\/div>\n\t\t\t\t<div class=\"elementor-element elementor-element-9cb7bfe elementor-widget elementor-widget-text-editor\" data-id=\"9cb7bfe\" data-element_type=\"widget\" data-e-type=\"widget\" data-widget_type=\"text-editor.default\">\n\t\t\t\t<div class=\"elementor-widget-container\">\n\t\t\t\t\t\t\t\t\t<p>Sofitel H\u00f4tel Ivoire, Abidjan<\/p><p><strong>T\u00e9l\u00e9phone\/WhatsApp<\/strong> :+225 05 01 36 05 05<\/p><p><strong>E-mail<\/strong> :info@africaiforum.com<\/p>\t\t\t\t\t\t\t\t<\/div>\n\t\t\t\t<\/div>\n\t\t\t\t\t<\/div>\n\t\t<\/div>\n\t\t\t\t\t<\/div>\n\t\t<\/section>\n\t\t\t\t<\/div>","protected":false},"excerpt":{"rendered":"<p>SIEGE &amp; BUREAU COMMERCIAL : Sofitel H\u00f4tel Ivoire, Abidjan T\u00e9l\u00e9phone\/WhatsApp :+225 05 01 36 05 05 E-mail :info@africaiforum.com<\/p>","protected":false},"author":1,"featured_media":0,"parent":0,"menu_order":0,"comment_status":"closed","ping_status":"closed","template":"","meta":{"footnotes":""},"class_list":["post-776","page","type-page","status-publish","hentry"],"yoast_head":"<!-- This site is optimized with the Yoast SEO plugin v26.9 - https:\/\/yoast.com\/product\/yoast-seo-wordpress\/ -->\n<title>Nous contacter - Africa Infrastructure Forum<\/title>\n<meta name=\"description\" content=\"Contactez l\u2019\u00e9quipe de l\u2019Africa Infrastructure Forum pour toute information sur l\u2019inscription, les partenariats, les expositions et les accr\u00e9ditations.\" \/>\n<meta name=\"robots\" content=\"index, follow, max-snippet:-1, max-image-preview:large, max-video-preview:-1\" \/>\n<link rel=\"canonical\" href=\"https:\/\/africaiforum.com\/en\/nous-contacter\/\" \/>\n<meta property=\"og:locale\" content=\"en_GB\" \/>\n<meta property=\"og:type\" content=\"article\" \/>\n<meta property=\"og:title\" content=\"Nous contacter - Africa Infrastructure Forum\" \/>\n<meta property=\"og:description\" content=\"Contactez l\u2019\u00e9quipe de l\u2019Africa Infrastructure Forum pour toute information sur l\u2019inscription, les partenariats, les expositions et les accr\u00e9ditations.\" \/>\n<meta property=\"og:url\" content=\"https:\/\/africaiforum.com\/en\/nous-contacter\/\" \/>\n<meta property=\"og:site_name\" content=\"Africa Infrastructure Forum\" \/>\n<meta property=\"article:modified_time\" content=\"2026-02-12T16:59:59+00:00\" \/>\n<meta name=\"twitter:card\" content=\"summary_large_image\" \/>\n<meta name=\"twitter:label1\" content=\"Estimated reading time\" \/>\n\t<meta name=\"twitter:data1\" content=\"1 minute\" \/>\n<script type=\"application\/ld+json\" class=\"yoast-schema-graph\">{\"@context\":\"https:\/\/schema.org\",\"@graph\":[{\"@type\":\"WebPage\",\"@id\":\"https:\/\/africaiforum.com\/nous-contacter\/\",\"url\":\"https:\/\/africaiforum.com\/nous-contacter\/\",\"name\":\"Nous contacter - Africa Infrastructure Forum\",\"isPartOf\":{\"@id\":\"https:\/\/africaiforum.com\/#website\"},\"datePublished\":\"2023-11-01T22:17:56+00:00\",\"dateModified\":\"2026-02-12T16:59:59+00:00\",\"description\":\"Contactez l\u2019\u00e9quipe de l\u2019Africa Infrastructure Forum pour toute information sur l\u2019inscription, les partenariats, les expositions et les accr\u00e9ditations.\",\"breadcrumb\":{\"@id\":\"https:\/\/africaiforum.com\/nous-contacter\/#breadcrumb\"},\"inLanguage\":\"en-GB\",\"potentialAction\":[{\"@type\":\"ReadAction\",\"target\":[\"https:\/\/africaiforum.com\/nous-contacter\/\"]}]},{\"@type\":\"BreadcrumbList\",\"@id\":\"https:\/\/africaiforum.com\/nous-contacter\/#breadcrumb\",\"itemListElement\":[{\"@type\":\"ListItem\",\"position\":1,\"name\":\"Accueil\",\"item\":\"https:\/\/africaiforum.com\/\"},{\"@type\":\"ListItem\",\"position\":2,\"name\":\"Nous contacter\"}]},{\"@type\":\"WebSite\",\"@id\":\"https:\/\/africaiforum.com\/#website\",\"url\":\"https:\/\/africaiforum.com\/\",\"name\":\"Africa Infrastructure Forum\",\"description\":\"Africa Infrastructure Forum est le rendez-vous de r\u00e9f\u00e9rence des responsables les plus influents du financement des infrastructures en Afrique et des dirigeants des grandes entreprises africaines\",\"publisher\":{\"@id\":\"https:\/\/africaiforum.com\/#organization\"},\"potentialAction\":[{\"@type\":\"SearchAction\",\"target\":{\"@type\":\"EntryPoint\",\"urlTemplate\":\"https:\/\/africaiforum.com\/?s={search_term_string}\"},\"query-input\":{\"@type\":\"PropertyValueSpecification\",\"valueRequired\":true,\"valueName\":\"search_term_string\"}}],\"inLanguage\":\"en-GB\"},{\"@type\":\"Organization\",\"@id\":\"https:\/\/africaiforum.com\/#organization\",\"name\":\"Africa Infrastructure Foum\",\"url\":\"https:\/\/africaiforum.com\/\",\"logo\":{\"@type\":\"ImageObject\",\"inLanguage\":\"en-GB\",\"@id\":\"https:\/\/africaiforum.com\/#\/schema\/logo\/image\/\",\"url\":\"https:\/\/africaiforum.com\/wp-content\/uploads\/2026\/02\/cropped-logo-site-copie_Plan-de-travail-1-01.png\",\"contentUrl\":\"https:\/\/africaiforum.com\/wp-content\/uploads\/2026\/02\/cropped-logo-site-copie_Plan-de-travail-1-01.png\",\"width\":1238,\"height\":354,\"caption\":\"Africa Infrastructure Foum\"},\"image\":{\"@id\":\"https:\/\/africaiforum.com\/#\/schema\/logo\/image\/\"}}]}<\/script>\n<!-- \/ Yoast SEO plugin. -->","yoast_head_json":{"title":"Nous contacter - Africa Infrastructure Forum","description":"Contactez l\u2019\u00e9quipe de l\u2019Africa Infrastructure Forum pour toute information sur l\u2019inscription, les partenariats, les expositions et les accr\u00e9ditations.","robots":{"index":"index","follow":"follow","max-snippet":"max-snippet:-1","max-image-preview":"max-image-preview:large","max-video-preview":"max-video-preview:-1"},"canonical":"https:\/\/africaiforum.com\/en\/nous-contacter\/","og_locale":"en_GB","og_type":"article","og_title":"Nous contacter - Africa Infrastructure Forum","og_description":"Contactez l\u2019\u00e9quipe de l\u2019Africa Infrastructure Forum pour toute information sur l\u2019inscription, les partenariats, les expositions et les accr\u00e9ditations.","og_url":"https:\/\/africaiforum.com\/en\/nous-contacter\/","og_site_name":"Africa Infrastructure Forum","article_modified_time":"2026-02-12T16:59:59+00:00","twitter_card":"summary_large_image","twitter_misc":{"Estimated reading time":"1 minute"},"schema":{"@context":"https:\/\/schema.org","@graph":[{"@type":"WebPage","@id":"https:\/\/africaiforum.com\/nous-contacter\/","url":"https:\/\/africaiforum.com\/nous-contacter\/","name":"Nous contacter - Africa Infrastructure Forum","isPartOf":{"@id":"https:\/\/africaiforum.com\/#website"},"datePublished":"2023-11-01T22:17:56+00:00","dateModified":"2026-02-12T16:59:59+00:00","description":"Contactez l\u2019\u00e9quipe de l\u2019Africa Infrastructure Forum pour toute information sur l\u2019inscription, les partenariats, les expositions et les accr\u00e9ditations.","breadcrumb":{"@id":"https:\/\/africaiforum.com\/nous-contacter\/#breadcrumb"},"inLanguage":"en-GB","potentialAction":[{"@type":"ReadAction","target":["https:\/\/africaiforum.com\/nous-contacter\/"]}]},{"@type":"BreadcrumbList","@id":"https:\/\/africaiforum.com\/nous-contacter\/#breadcrumb","itemListElement":[{"@type":"ListItem","position":1,"name":"Accueil","item":"https:\/\/africaiforum.com\/"},{"@type":"ListItem","position":2,"name":"Nous contacter"}]},{"@type":"WebSite","@id":"https:\/\/africaiforum.com\/#website","url":"https:\/\/africaiforum.com\/","name":"Africa Infrastructure Forum","description":"Africa Infrastructure Forum est le rendez-vous de r\u00e9f\u00e9rence des responsables les plus influents du financement des infrastructures en Afrique et des dirigeants des grandes entreprises africaines","publisher":{"@id":"https:\/\/africaiforum.com\/#organization"},"potentialAction":[{"@type":"SearchAction","target":{"@type":"EntryPoint","urlTemplate":"https:\/\/africaiforum.com\/?s={search_term_string}"},"query-input":{"@type":"PropertyValueSpecification","valueRequired":true,"valueName":"search_term_string"}}],"inLanguage":"en-GB"},{"@type":"Organization","@id":"https:\/\/africaiforum.com\/#organization","name":"Africa Infrastructure Foum","url":"https:\/\/africaiforum.com\/","logo":{"@type":"ImageObject","inLanguage":"en-GB","@id":"https:\/\/africaiforum.com\/#\/schema\/logo\/image\/","url":"https:\/\/africaiforum.com\/wp-content\/uploads\/2026\/02\/cropped-logo-site-copie_Plan-de-travail-1-01.png","contentUrl":"https:\/\/africaiforum.com\/wp-content\/uploads\/2026\/02\/cropped-logo-site-copie_Plan-de-travail-1-01.png","width":1238,"height":354,"caption":"Africa Infrastructure Foum"},"image":{"@id":"https:\/\/africaiforum.com\/#\/schema\/logo\/image\/"}}]}},"_links":{"self":[{"href":"https:\/\/africaiforum.com\/en\/wp-json\/wp\/v2\/pages\/776","targetHints":{"allow":["GET"]}}],"collection":[{"href":"https:\/\/africaiforum.com\/en\/wp-json\/wp\/v2\/pages"}],"about":[{"href":"https:\/\/africaiforum.com\/en\/wp-json\/wp\/v2\/types\/page"}],"author":[{"embeddable":true,"href":"https:\/\/africaiforum.com\/en\/wp-json\/wp\/v2\/users\/1"}],"replies":[{"embeddable":true,"href":"https:\/\/africaiforum.com\/en\/wp-json\/wp\/v2\/comments?post=776"}],"version-history":[{"count":34,"href":"https:\/\/africaiforum.com\/en\/wp-json\/wp\/v2\/pages\/776\/revisions"}],"predecessor-version":[{"id":3132,"href":"https:\/\/africaiforum.com\/en\/wp-json\/wp\/v2\/pages\/776\/revisions\/3132"}],"wp:attachment":[{"href":"https:\/\/africaiforum.com\/en\/wp-json\/wp\/v2\/media?parent=776"}],"curies":[{"name":"wp","href":"https:\/\/api.w.org\/{rel}","templated":true}]}}