{"id":840,"date":"2023-01-26T22:27:41","date_gmt":"2023-01-26T21:27:41","guid":{"rendered":"https:\/\/africaiforum.com\/?page_id=840"},"modified":"2026-02-07T09:13:17","modified_gmt":"2026-02-07T09:13:17","slug":"la-bourse-des-projets","status":"publish","type":"page","link":"https:\/\/africaiforum.com\/en\/la-bourse-des-projets\/","title":{"rendered":"The Project Exchange"},"content":{"rendered":"<div data-elementor-type=\"wp-page\" data-elementor-id=\"840\" class=\"elementor elementor-840\" data-elementor-post-type=\"page\">\n\t\t\t\t\t\t<section data-particle_enable=\"false\" data-particle-mobile-disabled=\"false\" class=\"elementor-section elementor-top-section elementor-element elementor-element-4ecdd3f elementor-section-boxed elementor-section-height-default elementor-section-height-default\" data-id=\"4ecdd3f\" data-element_type=\"section\" data-e-type=\"section\" data-settings=\"{&quot;background_background&quot;:&quot;classic&quot;}\">\n\t\t\t\t\t\t<div class=\"elementor-container elementor-column-gap-default\">\n\t\t\t\t\t<div class=\"elementor-column elementor-col-50 elementor-top-column elementor-element elementor-element-a686104\" data-id=\"a686104\" data-element_type=\"column\" data-e-type=\"column\">\n\t\t\t<div class=\"elementor-widget-wrap elementor-element-populated\">\n\t\t\t\t\t\t<div class=\"elementor-element elementor-element-4862306 elementor-widget elementor-widget-heading\" data-id=\"4862306\" data-element_type=\"widget\" data-e-type=\"widget\" data-widget_type=\"heading.default\">\n\t\t\t\t<div class=\"elementor-widget-container\">\n\t\t\t\t\t<h2 class=\"elementor-heading-title elementor-size-default\">The Project Exchange<\/h2>\t\t\t\t<\/div>\n\t\t\t\t<\/div>\n\t\t\t\t\t<\/div>\n\t\t<\/div>\n\t\t\t\t<div class=\"elementor-column elementor-col-50 elementor-top-column elementor-element elementor-element-535ec98 elementor-hidden-mobile\" data-id=\"535ec98\" data-element_type=\"column\" data-e-type=\"column\">\n\t\t\t<div class=\"elementor-widget-wrap elementor-element-populated\">\n\t\t\t\t\t\t<div class=\"elementor-element elementor-element-87c5f65 elementor-align-right elementor-widget elementor-widget-breadcrumbs\" data-id=\"87c5f65\" data-element_type=\"widget\" data-e-type=\"widget\" data-widget_type=\"breadcrumbs.default\">\n\t\t\t\t<div class=\"elementor-widget-container\">\n\t\t\t\t\t<p id=\"breadcrumbs\"><span><span><a href=\"https:\/\/africaiforum.com\/en\/\">Home<\/a><\/span><\/span><\/p>\t\t\t\t<\/div>\n\t\t\t\t<\/div>\n\t\t\t\t\t<\/div>\n\t\t<\/div>\n\t\t\t\t\t<\/div>\n\t\t<\/section>\n\t\t\t\t<section data-particle_enable=\"false\" data-particle-mobile-disabled=\"false\" class=\"elementor-section elementor-top-section elementor-element elementor-element-14d458f elementor-section-boxed elementor-section-height-default elementor-section-height-default\" data-id=\"14d458f\" data-element_type=\"section\" data-e-type=\"section\">\n\t\t\t\t\t\t<div class=\"elementor-container elementor-column-gap-default\">\n\t\t\t\t\t<div class=\"elementor-column elementor-col-100 elementor-top-column elementor-element elementor-element-b3963a5\" data-id=\"b3963a5\" data-element_type=\"column\" data-e-type=\"column\">\n\t\t\t<div class=\"elementor-widget-wrap elementor-element-populated\">\n\t\t\t\t\t\t<div class=\"elementor-element elementor-element-4602c3c elementor-widget elementor-widget-heading\" data-id=\"4602c3c\" data-element_type=\"widget\" data-e-type=\"widget\" data-widget_type=\"heading.default\">\n\t\t\t\t<div class=\"elementor-widget-container\">\n\t\t\t\t\t<h2 class=\"elementor-heading-title elementor-size-default\">The benefits<\/h2>\t\t\t\t<\/div>\n\t\t\t\t<\/div>\n\t\t\t\t<div class=\"elementor-element elementor-element-3c1cab9 elementor-widget elementor-widget-text-editor\" data-id=\"3c1cab9\" data-element_type=\"widget\" data-e-type=\"widget\" data-widget_type=\"text-editor.default\">\n\t\t\t\t<div class=\"elementor-widget-container\">\n\t\t\t\t\t\t\t\t\t<p>Les rencontres B2B lors \u00e0 l&rsquo;Africa Infrastructure Forum se d\u00e9rouleront sous forme de sessions pr\u00e9programm\u00e9es qui permettront aux d\u00e9l\u00e9gu\u00e9s et aux exposants de se rencontrer et d&rsquo;\u00e9changer sur des opportunit\u00e9s d&rsquo;affaires et des partenariats potentiels.\u00a0 Les avantages de ces rencontres B2B sont multiples :\u00a0<\/p><p><strong>Save time and efficiency<\/strong> : B2B meetings are planned in advance, allowing participants to maximise their time and meet more people in less time.\u00a0<\/p><p><strong>Business opportunities<\/strong> : B2B meetings offer the possibility to meet potential partners for joint projects and business opportunities.\u00a0<\/p><p><strong>Networking <\/strong>: B2B meetings allow you to meet professionals from the same sector of activity and to develop a network of contacts.\u00a0<\/p><p><strong>Access to key information<\/strong> : B2B meetings can provide an opportunity to discover trends and key information about the market and sector concerned<\/p>\t\t\t\t\t\t\t\t<\/div>\n\t\t\t\t<\/div>\n\t\t\t\t\t<\/div>\n\t\t<\/div>\n\t\t\t\t\t<\/div>\n\t\t<\/section>\n\t\t\t\t<section data-particle_enable=\"false\" data-particle-mobile-disabled=\"false\" class=\"elementor-section elementor-top-section elementor-element elementor-element-91a3503 elementor-hidden-desktop elementor-hidden-tablet elementor-hidden-mobile elementor-section-boxed elementor-section-height-default elementor-section-height-default\" data-id=\"91a3503\" data-element_type=\"section\" data-e-type=\"section\">\n\t\t\t\t\t\t<div class=\"elementor-container elementor-column-gap-default\">\n\t\t\t\t\t<div class=\"elementor-column elementor-col-25 elementor-top-column elementor-element elementor-element-40ad08c\" data-id=\"40ad08c\" data-element_type=\"column\" data-e-type=\"column\">\n\t\t\t<div class=\"elementor-widget-wrap elementor-element-populated\">\n\t\t\t\t\t\t<div class=\"elementor-element elementor-element-c3a2da7 elementor-widget elementor-widget-image\" data-id=\"c3a2da7\" data-element_type=\"widget\" data-e-type=\"widget\" data-widget_type=\"image.default\">\n\t\t\t\t<div class=\"elementor-widget-container\">\n\t\t\t\t\t\t\t\t\t\t\t\t\t\t\t<img decoding=\"async\" width=\"39\" height=\"50\" src=\"https:\/\/africaiforum.com\/wp-content\/uploads\/2023\/01\/pdf-icon-3.png\" class=\"attachment-large size-large wp-image-923\" alt=\"\" \/>\t\t\t\t\t\t\t\t\t\t\t\t\t\t\t<\/div>\n\t\t\t\t<\/div>\n\t\t\t\t\t<\/div>\n\t\t<\/div>\n\t\t\t\t<div class=\"elementor-column elementor-col-25 elementor-top-column elementor-element elementor-element-7c37a08\" data-id=\"7c37a08\" data-element_type=\"column\" data-e-type=\"column\">\n\t\t\t<div class=\"elementor-widget-wrap elementor-element-populated\">\n\t\t\t\t\t\t<div class=\"elementor-element elementor-element-413c355 elementor-widget elementor-widget-heading\" data-id=\"413c355\" data-element_type=\"widget\" data-e-type=\"widget\" data-widget_type=\"heading.default\">\n\t\t\t\t<div class=\"elementor-widget-container\">\n\t\t\t\t\t<h2 class=\"elementor-heading-title elementor-size-default\">CONCEPT NOTE<\/h2>\t\t\t\t<\/div>\n\t\t\t\t<\/div>\n\t\t\t\t\t<\/div>\n\t\t<\/div>\n\t\t\t\t<div class=\"elementor-column elementor-col-25 elementor-top-column elementor-element elementor-element-309d766\" data-id=\"309d766\" data-element_type=\"column\" data-e-type=\"column\">\n\t\t\t<div class=\"elementor-widget-wrap elementor-element-populated\">\n\t\t\t\t\t\t<div class=\"elementor-element elementor-element-8025eb3 elementor-widget elementor-widget-image\" data-id=\"8025eb3\" data-element_type=\"widget\" data-e-type=\"widget\" data-widget_type=\"image.default\">\n\t\t\t\t<div class=\"elementor-widget-container\">\n\t\t\t\t\t\t\t\t\t\t\t\t\t\t\t<img decoding=\"async\" width=\"39\" height=\"50\" src=\"https:\/\/africaiforum.com\/wp-content\/uploads\/2023\/01\/pdf-icon-3.png\" class=\"attachment-large size-large wp-image-923\" alt=\"\" \/>\t\t\t\t\t\t\t\t\t\t\t\t\t\t\t<\/div>\n\t\t\t\t<\/div>\n\t\t\t\t\t<\/div>\n\t\t<\/div>\n\t\t\t\t<div class=\"elementor-column elementor-col-25 elementor-top-column elementor-element elementor-element-0ae3a1a\" data-id=\"0ae3a1a\" data-element_type=\"column\" data-e-type=\"column\">\n\t\t\t<div class=\"elementor-widget-wrap elementor-element-populated\">\n\t\t\t\t\t\t<div class=\"elementor-element elementor-element-cf5bf70 elementor-widget elementor-widget-heading\" data-id=\"cf5bf70\" data-element_type=\"widget\" data-e-type=\"widget\" data-widget_type=\"heading.default\">\n\t\t\t\t<div class=\"elementor-widget-container\">\n\t\t\t\t\t<h2 class=\"elementor-heading-title elementor-size-default\">OUTLINE PROJECT SHEET<\/h2>\t\t\t\t<\/div>\n\t\t\t\t<\/div>\n\t\t\t\t\t<\/div>\n\t\t<\/div>\n\t\t\t\t\t<\/div>\n\t\t<\/section>\n\t\t\t\t<\/div>","protected":false},"excerpt":{"rendered":"<p>La Bourse des Projets Les avantages Les rencontres B2B lors \u00e0 l&rsquo;Africa Infrastructure Forum se d\u00e9rouleront sous forme de sessions pr\u00e9programm\u00e9es qui permettront aux d\u00e9l\u00e9gu\u00e9s et aux exposants de se rencontrer et d&rsquo;\u00e9changer sur des opportunit\u00e9s d&rsquo;affaires et des partenariats potentiels.\u00a0 Les avantages de ces rencontres B2B sont multiples :\u00a0 Gain de temps et d&rsquo;efficacit\u00e9 [&hellip;]<\/p>","protected":false},"author":1,"featured_media":0,"parent":0,"menu_order":0,"comment_status":"closed","ping_status":"closed","template":"","meta":{"footnotes":""},"class_list":["post-840","page","type-page","status-publish","hentry"],"yoast_head":"<!-- This site is optimized with the Yoast SEO plugin v26.9 - https:\/\/yoast.com\/product\/yoast-seo-wordpress\/ -->\n<title>La Bourse des Projets - Africa Infrastructure Forum<\/title>\n<meta name=\"description\" content=\"Rejoignez les d\u00e9cideurs africains et les leaders du secteur financier lors de l&#039;AFRICA INFRASTRUCTURE FORUM 2023. Ce forum de premier plan rassemble plus de 1800 participants, dont 300 PDG africains, 100 banquiers et financiers, et 200 personnalit\u00e9s influentes. Explorez les opportunit\u00e9s de d\u00e9veloppement \u00e9conomique des infrastructures, de l&#039;habitat et de l&#039;immobilier en Afrique. Ne manquez pas cette plateforme unique de connexions entre d\u00e9cideurs africains, investisseurs internationaux et institutions de financement des infrastructures sur le continent.\" \/>\n<meta name=\"robots\" content=\"index, follow, max-snippet:-1, max-image-preview:large, max-video-preview:-1\" \/>\n<link rel=\"canonical\" href=\"https:\/\/africaiforum.com\/en\/la-bourse-des-projets\/\" \/>\n<meta property=\"og:locale\" content=\"en_GB\" \/>\n<meta property=\"og:type\" content=\"article\" \/>\n<meta property=\"og:title\" content=\"La Bourse des Projets - Africa Infrastructure Forum\" \/>\n<meta property=\"og:description\" content=\"Rejoignez les d\u00e9cideurs africains et les leaders du secteur financier lors de l&#039;AFRICA INFRASTRUCTURE FORUM 2023. Ce forum de premier plan rassemble plus de 1800 participants, dont 300 PDG africains, 100 banquiers et financiers, et 200 personnalit\u00e9s influentes. Explorez les opportunit\u00e9s de d\u00e9veloppement \u00e9conomique des infrastructures, de l&#039;habitat et de l&#039;immobilier en Afrique. Ne manquez pas cette plateforme unique de connexions entre d\u00e9cideurs africains, investisseurs internationaux et institutions de financement des infrastructures sur le continent.\" \/>\n<meta property=\"og:url\" content=\"https:\/\/africaiforum.com\/en\/la-bourse-des-projets\/\" \/>\n<meta property=\"og:site_name\" content=\"Africa Infrastructure Forum\" \/>\n<meta property=\"article:modified_time\" content=\"2026-02-07T09:13:17+00:00\" \/>\n<meta property=\"og:image\" content=\"https:\/\/africaiforum.com\/wp-content\/uploads\/2023\/01\/pdf-icon-3.png\" \/>\n<meta name=\"twitter:card\" content=\"summary_large_image\" \/>\n<meta name=\"twitter:label1\" content=\"Estimated reading time\" \/>\n\t<meta name=\"twitter:data1\" content=\"2 minutes\" \/>\n<script type=\"application\/ld+json\" class=\"yoast-schema-graph\">{\"@context\":\"https:\/\/schema.org\",\"@graph\":[{\"@type\":\"WebPage\",\"@id\":\"https:\/\/africaiforum.com\/la-bourse-des-projets\/\",\"url\":\"https:\/\/africaiforum.com\/la-bourse-des-projets\/\",\"name\":\"La Bourse des Projets - Africa Infrastructure Forum\",\"isPartOf\":{\"@id\":\"https:\/\/africaiforum.com\/#website\"},\"primaryImageOfPage\":{\"@id\":\"https:\/\/africaiforum.com\/la-bourse-des-projets\/#primaryimage\"},\"image\":{\"@id\":\"https:\/\/africaiforum.com\/la-bourse-des-projets\/#primaryimage\"},\"thumbnailUrl\":\"https:\/\/africaiforum.com\/wp-content\/uploads\/2023\/01\/pdf-icon-3.png\",\"datePublished\":\"2023-01-26T21:27:41+00:00\",\"dateModified\":\"2026-02-07T09:13:17+00:00\",\"description\":\"Rejoignez les d\u00e9cideurs africains et les leaders du secteur financier lors de l'AFRICA INFRASTRUCTURE FORUM 2023. Ce forum de premier plan rassemble plus de 1800 participants, dont 300 PDG africains, 100 banquiers et financiers, et 200 personnalit\u00e9s influentes. Explorez les opportunit\u00e9s de d\u00e9veloppement \u00e9conomique des infrastructures, de l'habitat et de l'immobilier en Afrique. Ne manquez pas cette plateforme unique de connexions entre d\u00e9cideurs africains, investisseurs internationaux et institutions de financement des infrastructures sur le continent.\",\"breadcrumb\":{\"@id\":\"https:\/\/africaiforum.com\/la-bourse-des-projets\/#breadcrumb\"},\"inLanguage\":\"en-GB\",\"potentialAction\":[{\"@type\":\"ReadAction\",\"target\":[\"https:\/\/africaiforum.com\/la-bourse-des-projets\/\"]}]},{\"@type\":\"ImageObject\",\"inLanguage\":\"en-GB\",\"@id\":\"https:\/\/africaiforum.com\/la-bourse-des-projets\/#primaryimage\",\"url\":\"https:\/\/africaiforum.com\/wp-content\/uploads\/2023\/01\/pdf-icon-3.png\",\"contentUrl\":\"https:\/\/africaiforum.com\/wp-content\/uploads\/2023\/01\/pdf-icon-3.png\"},{\"@type\":\"BreadcrumbList\",\"@id\":\"https:\/\/africaiforum.com\/la-bourse-des-projets\/#breadcrumb\",\"itemListElement\":[{\"@type\":\"ListItem\",\"position\":1,\"name\":\"Accueil\",\"item\":\"https:\/\/africaiforum.com\/\"},{\"@type\":\"ListItem\",\"position\":2,\"name\":\"La Bourse des Projets\"}]},{\"@type\":\"WebSite\",\"@id\":\"https:\/\/africaiforum.com\/#website\",\"url\":\"https:\/\/africaiforum.com\/\",\"name\":\"Africa Infrastructure Forum\",\"description\":\"Africa Infrastructure Forum est le rendez-vous de r\u00e9f\u00e9rence des responsables les plus influents du financement des infrastructures en Afrique et des dirigeants des grandes entreprises africaines\",\"publisher\":{\"@id\":\"https:\/\/africaiforum.com\/#organization\"},\"potentialAction\":[{\"@type\":\"SearchAction\",\"target\":{\"@type\":\"EntryPoint\",\"urlTemplate\":\"https:\/\/africaiforum.com\/?s={search_term_string}\"},\"query-input\":{\"@type\":\"PropertyValueSpecification\",\"valueRequired\":true,\"valueName\":\"search_term_string\"}}],\"inLanguage\":\"en-GB\"},{\"@type\":\"Organization\",\"@id\":\"https:\/\/africaiforum.com\/#organization\",\"name\":\"Africa Infrastructure Foum\",\"url\":\"https:\/\/africaiforum.com\/\",\"logo\":{\"@type\":\"ImageObject\",\"inLanguage\":\"en-GB\",\"@id\":\"https:\/\/africaiforum.com\/#\/schema\/logo\/image\/\",\"url\":\"https:\/\/africaiforum.com\/wp-content\/uploads\/2026\/02\/cropped-logo-site-copie_Plan-de-travail-1-01.png\",\"contentUrl\":\"https:\/\/africaiforum.com\/wp-content\/uploads\/2026\/02\/cropped-logo-site-copie_Plan-de-travail-1-01.png\",\"width\":1238,\"height\":354,\"caption\":\"Africa Infrastructure Foum\"},\"image\":{\"@id\":\"https:\/\/africaiforum.com\/#\/schema\/logo\/image\/\"}}]}<\/script>\n<!-- \/ Yoast SEO plugin. -->","yoast_head_json":{"title":"La Bourse des Projets - Africa Infrastructure Forum","description":"Rejoignez les d\u00e9cideurs africains et les leaders du secteur financier lors de l'AFRICA INFRASTRUCTURE FORUM 2023. Ce forum de premier plan rassemble plus de 1800 participants, dont 300 PDG africains, 100 banquiers et financiers, et 200 personnalit\u00e9s influentes. Explorez les opportunit\u00e9s de d\u00e9veloppement \u00e9conomique des infrastructures, de l'habitat et de l'immobilier en Afrique. Ne manquez pas cette plateforme unique de connexions entre d\u00e9cideurs africains, investisseurs internationaux et institutions de financement des infrastructures sur le continent.","robots":{"index":"index","follow":"follow","max-snippet":"max-snippet:-1","max-image-preview":"max-image-preview:large","max-video-preview":"max-video-preview:-1"},"canonical":"https:\/\/africaiforum.com\/en\/la-bourse-des-projets\/","og_locale":"en_GB","og_type":"article","og_title":"La Bourse des Projets - Africa Infrastructure Forum","og_description":"Rejoignez les d\u00e9cideurs africains et les leaders du secteur financier lors de l'AFRICA INFRASTRUCTURE FORUM 2023. Ce forum de premier plan rassemble plus de 1800 participants, dont 300 PDG africains, 100 banquiers et financiers, et 200 personnalit\u00e9s influentes. Explorez les opportunit\u00e9s de d\u00e9veloppement \u00e9conomique des infrastructures, de l'habitat et de l'immobilier en Afrique. Ne manquez pas cette plateforme unique de connexions entre d\u00e9cideurs africains, investisseurs internationaux et institutions de financement des infrastructures sur le continent.","og_url":"https:\/\/africaiforum.com\/en\/la-bourse-des-projets\/","og_site_name":"Africa Infrastructure Forum","article_modified_time":"2026-02-07T09:13:17+00:00","og_image":[{"url":"https:\/\/africaiforum.com\/wp-content\/uploads\/2023\/01\/pdf-icon-3.png","type":"","width":"","height":""}],"twitter_card":"summary_large_image","twitter_misc":{"Estimated reading time":"2 minutes"},"schema":{"@context":"https:\/\/schema.org","@graph":[{"@type":"WebPage","@id":"https:\/\/africaiforum.com\/la-bourse-des-projets\/","url":"https:\/\/africaiforum.com\/la-bourse-des-projets\/","name":"La Bourse des Projets - Africa Infrastructure Forum","isPartOf":{"@id":"https:\/\/africaiforum.com\/#website"},"primaryImageOfPage":{"@id":"https:\/\/africaiforum.com\/la-bourse-des-projets\/#primaryimage"},"image":{"@id":"https:\/\/africaiforum.com\/la-bourse-des-projets\/#primaryimage"},"thumbnailUrl":"https:\/\/africaiforum.com\/wp-content\/uploads\/2023\/01\/pdf-icon-3.png","datePublished":"2023-01-26T21:27:41+00:00","dateModified":"2026-02-07T09:13:17+00:00","description":"Rejoignez les d\u00e9cideurs africains et les leaders du secteur financier lors de l'AFRICA INFRASTRUCTURE FORUM 2023. Ce forum de premier plan rassemble plus de 1800 participants, dont 300 PDG africains, 100 banquiers et financiers, et 200 personnalit\u00e9s influentes. Explorez les opportunit\u00e9s de d\u00e9veloppement \u00e9conomique des infrastructures, de l'habitat et de l'immobilier en Afrique. Ne manquez pas cette plateforme unique de connexions entre d\u00e9cideurs africains, investisseurs internationaux et institutions de financement des infrastructures sur le continent.","breadcrumb":{"@id":"https:\/\/africaiforum.com\/la-bourse-des-projets\/#breadcrumb"},"inLanguage":"en-GB","potentialAction":[{"@type":"ReadAction","target":["https:\/\/africaiforum.com\/la-bourse-des-projets\/"]}]},{"@type":"ImageObject","inLanguage":"en-GB","@id":"https:\/\/africaiforum.com\/la-bourse-des-projets\/#primaryimage","url":"https:\/\/africaiforum.com\/wp-content\/uploads\/2023\/01\/pdf-icon-3.png","contentUrl":"https:\/\/africaiforum.com\/wp-content\/uploads\/2023\/01\/pdf-icon-3.png"},{"@type":"BreadcrumbList","@id":"https:\/\/africaiforum.com\/la-bourse-des-projets\/#breadcrumb","itemListElement":[{"@type":"ListItem","position":1,"name":"Accueil","item":"https:\/\/africaiforum.com\/"},{"@type":"ListItem","position":2,"name":"La Bourse des Projets"}]},{"@type":"WebSite","@id":"https:\/\/africaiforum.com\/#website","url":"https:\/\/africaiforum.com\/","name":"Africa Infrastructure Forum","description":"Africa Infrastructure Forum est le rendez-vous de r\u00e9f\u00e9rence des responsables les plus influents du financement des infrastructures en Afrique et des dirigeants des grandes entreprises africaines","publisher":{"@id":"https:\/\/africaiforum.com\/#organization"},"potentialAction":[{"@type":"SearchAction","target":{"@type":"EntryPoint","urlTemplate":"https:\/\/africaiforum.com\/?s={search_term_string}"},"query-input":{"@type":"PropertyValueSpecification","valueRequired":true,"valueName":"search_term_string"}}],"inLanguage":"en-GB"},{"@type":"Organization","@id":"https:\/\/africaiforum.com\/#organization","name":"Africa Infrastructure Foum","url":"https:\/\/africaiforum.com\/","logo":{"@type":"ImageObject","inLanguage":"en-GB","@id":"https:\/\/africaiforum.com\/#\/schema\/logo\/image\/","url":"https:\/\/africaiforum.com\/wp-content\/uploads\/2026\/02\/cropped-logo-site-copie_Plan-de-travail-1-01.png","contentUrl":"https:\/\/africaiforum.com\/wp-content\/uploads\/2026\/02\/cropped-logo-site-copie_Plan-de-travail-1-01.png","width":1238,"height":354,"caption":"Africa Infrastructure Foum"},"image":{"@id":"https:\/\/africaiforum.com\/#\/schema\/logo\/image\/"}}]}},"_links":{"self":[{"href":"https:\/\/africaiforum.com\/en\/wp-json\/wp\/v2\/pages\/840","targetHints":{"allow":["GET"]}}],"collection":[{"href":"https:\/\/africaiforum.com\/en\/wp-json\/wp\/v2\/pages"}],"about":[{"href":"https:\/\/africaiforum.com\/en\/wp-json\/wp\/v2\/types\/page"}],"author":[{"embeddable":true,"href":"https:\/\/africaiforum.com\/en\/wp-json\/wp\/v2\/users\/1"}],"replies":[{"embeddable":true,"href":"https:\/\/africaiforum.com\/en\/wp-json\/wp\/v2\/comments?post=840"}],"version-history":[{"count":19,"href":"https:\/\/africaiforum.com\/en\/wp-json\/wp\/v2\/pages\/840\/revisions"}],"predecessor-version":[{"id":1578,"href":"https:\/\/africaiforum.com\/en\/wp-json\/wp\/v2\/pages\/840\/revisions\/1578"}],"wp:attachment":[{"href":"https:\/\/africaiforum.com\/en\/wp-json\/wp\/v2\/media?parent=840"}],"curies":[{"name":"wp","href":"https:\/\/api.w.org\/{rel}","templated":true}]}}